{"id":1265,"date":"2018-12-13T08:47:12","date_gmt":"2018-12-13T08:47:12","guid":{"rendered":"https:\/\/escenografia.org\/politica-de-cookies\/"},"modified":"2019-07-23T23:07:27","modified_gmt":"2019-07-23T23:07:27","slug":"politica-de-cookies","status":"publish","type":"page","link":"https:\/\/escenografia.org\/es\/politica-de-cookies\/","title":{"rendered":"Pol\u00edtica de Cookies"},"content":{"rendered":"<p>[et_pb_section fb_built=\u00bb1&#8243; _builder_version=\u00bb3.22&#8243;][et_pb_row _builder_version=\u00bb3.25&#8243; background_size=\u00bbinitial\u00bb background_position=\u00bbtop_left\u00bb background_repeat=\u00bbrepeat\u00bb][et_pb_column type=\u00bb4_4&#8243; _builder_version=\u00bb3.25&#8243; custom_padding=\u00bb|||\u00bb custom_padding__hover=\u00bb|||\u00bb][et_pb_text _builder_version=\u00bb3.26.3&#8243; background_size=\u00bbinitial\u00bb background_position=\u00bbtop_left\u00bb background_repeat=\u00bbrepeat\u00bb]<\/p>\n<div class=\"sm_column_text sm_content_element \">\n<div class=\"sm_wrapper\">\n<h2><span style=\"font-size: inherit; color: #191e23;\">Pol\u00edtica de Cookies<\/span><\/h2>\n<p><span style=\"font-size: inherit; color: #191e23;\"><\/span><\/p>\n<p><span style=\"font-size: inherit; color: #191e23;\"><\/span><\/p>\n<h3><span style=\"font-size: inherit; color: #191e23;\">Titularidad<\/span><\/h3>\n<\/div>\n<\/div>\n<div class=\"sm_column_text sm_content_element \">\n<div class=\"sm_wrapper\">\n<p>La P\u00c0GINA WEB es propiedad de ASSOCIACI\u00d3 D\u00b4ESCENOGRAFS DE CATALUNYA, de ahora en adelante ASSOCIACI\u00d3 D\u00b4ESCENOGRAFS DE CATALUNYA, domiciliada en 08004 Barcelona (Espa\u00f1a), Pla\u00e7a Margarida Xirgu, 1. con NIF G-61726220, e inscrita al Registro Mercantil de Barcelona.<\/p>\n<p>\u00bfQue es una \u2018cookie\u2019?<br \/> Una \u2018cookie\u2019 es un fichero que se descarga su ordenador\/tablet\/smartphone cuando accede a determinadas p\u00e1ginas web i\/o aplicaciones. Las cookies permiten, entre otras cosas, almacenar y recuperar informaci\u00f3n sobre los h\u00e1bitos de navegaci\u00f3n de un usuario o de su equipo, y dependiendo de la informaci\u00f3n que contienen y de la forma en que se utilice su equipo, pueden utilizarse para reconocer al usuario.<\/p>\n<p>Que tipo de cookies utiliza la p\u00e1gina web ASSOCIACI\u00d3 D\u00b4ESCENOGRAFS DE CATALUNYA?<\/p>\n<p>a) En funci\u00f3n de la entidad que las gestiona:<\/p>\n<p>Cookies propias: Son las que se env\u00edan al equipo terminal del usuario desde un equipo o dominio gestionado por ASSOCIACI\u00d3 D\u00b4ESCENOGRAFS DE CATALUNYA i des de donde se presta el servicio solicitado por el usuario.<\/p>\n<p>Cookies de tercero: Son las que se env\u00edan al equipo terminal del usuario desde un equipo o dominio no gestionado por ASSOCIACI\u00d3 D\u00b4ESCENOGRAFS DE CATALUNYA, sino por otra entidad que trata los datos obtenidos mediante las cookies. En el apartado de \u00bb Utilizaci\u00f3n de las cookies\u00bb puede consultar que entidades establecen cookies en este sitio web.<\/p>\n<p>b) En funci\u00f3n del t\u00e9rmino que permanecen activas:<\/p>\n<p>Cookies de sesi\u00f3n: Son un tipo de cookies dise\u00f1adas para recabar y almacenar datos mientras el usuario accede a la p\u00e1gina web.<\/p>\n<p>Cookies persistentes: Son un tipo de cookies, los datos de las cuales contin\u00faan almacenados en la terminal y pueden ser accedidos y tratados durante un periodo de tiempo definido por el responsable de la cookie, y que puede ir de unos minutos a unos cuantos a\u00f1os.<\/p>\n<p>c) Seg\u00fan la finalidad por la cual se traten:<\/p>\n<p>Cookies de an\u00e1lisis: Son las que, bien tratadas por nosotros o por terceros, nos permiten cuantificar el nombre de los usuarios i as\u00ed realizar la medici\u00f3n y an\u00e1lisis estad\u00edsticos de la utilizaci\u00f3n que hacen los usuarios del servicio ofrecido. Por esta raz\u00f3n se analiza su navegaci\u00f3n nuestra p\u00e1gina web con la finalidad de mejorar la oferta de productos o servicios que le ofertamos.<\/p>\n<p>Cookies t\u00e9cnicas: Son las que, bien tratadas por nosotros o por terceros permiten al usuario la navegaci\u00f3n a trav\u00e9s de nuestra p\u00e1gina web y la utilizaci\u00f3n de las diferentes opciones o de sus servicios como sus complementos (plug-in) para intercambiar contenidos sociales, autenticaci\u00f3n o identificaci\u00f3n del usuario o sesiones de reproductor multimedia.<\/p>\n<p>Cookies de personalizaci\u00f3n: Son las que, bien tratadas por nosotros o por terceros, permiten al usuario acceder al servicio con algunas caracter\u00edsticas de car\u00e1cter general predefinidas en funci\u00f3n de una serie de criterios en el terminal del usuario, como el idioma preestablecido en que se muestra la p\u00e1gina web.<\/p>\n<p>Desactivaci\u00f3n o eliminaci\u00f3n de cookies<\/p>\n<p>Usted puede permitir, bloquear o eliminar las cookies instaladas en su equipo mediante la configuraci\u00f3n de las opciones del navegador instalado en su ordenador\/tablet\/smartphone.<\/p>\n<p>Para m\u00e1s informaci\u00f3n sobre Internet Explorer <a href=\"http:\/\/windows.microsoft.com\/es-es\/windows7\/how-to-manage-cookies-in-internet-explorer-9\">pulse aqu\u00ed<\/a>.<\/p>\n<p>Para m\u00e1s informaci\u00f3n sobre Firefox <a href=\"https:\/\/support.mozilla.org\/es\/kb\/habilitar-y-deshabilitar-cookies-sitios-web-rastrear-preferencias?redirectlocale=es&amp;redirectslug=habilitar-y-deshabilitar-cookies-que-los-sitios-we\">pulse aqu\u00ed.<\/a><\/p>\n<p>Para m\u00e1s informaci\u00f3n sobre Safari <a href=\"https:\/\/support.apple.com\/kb\/PH19214?locale=es_ES&amp;viewlocale=es_ES\">pulse aqu\u00ed<\/a>.<\/p>\n<p>Para m\u00e1s informaci\u00f3n sobre Opera <a href=\"http:\/\/help.opera.com\/Windows\/11.50\/es-ES\/cookies.html\">pulse aqu\u00ed.<\/a><\/p>\n<p>Utilitzaci\u00f3n de las cookies<\/p>\n<p>En este sitio web utilizamos cookies de terceros para analizar informaci\u00f3n de la navegaci\u00f3n, permitir compartir contenidos en redes sociales y la reproducci\u00f3n de v\u00eddeos alojados en otro sitio web. En los enlaces siguientes puedes consultar la pol\u00edtica de cada una de las entidades:<\/p>\n<p>Google Analytics y Youtube, consultar los enlaces siguientes:<\/p>\n<p>\u2022 <a href=\"https:\/\/developers.google.com\/analytics\/devguides\/collection\/analyticsjs\/cookie-usage\">https:\/\/developers.google.com\/analytics\/devguides\/collection\/analyticsjs\/cookie-usage<\/a><\/p>\n<p>\u2022 <a href=\"https:\/\/www.google.com\/analytics\/learn\/privacy.html\">https:\/\/www.google.com\/analytics\/learn\/privacy.html<\/a><\/p>\n<p>\u2022 <a href=\"http:\/\/www.google.com\/intl\/en-US\/policies\/technologies\/cookies\/\">http:\/\/www.google.com\/intl\/en-US\/policies\/technologies\/cookies\/<\/a><\/p>\n<p>\u2022 Twitter, consulte el enlace siguiente: <a href=\"https:\/\/twitter.com\/privacy\">https:\/\/twitter.com\/privacy<\/a><\/p>\n<p>\u2022 Addthis, consulte el enlace siguiente: <a href=\"http:\/\/www.addthis.com\/privacy\">http:\/\/www.addthis.com\/privacy<\/a><\/p>\n<p>Consentimiento<\/p>\n<p>Al navegar por nuestro sitio web, usted acepta la instalaci\u00f3n y utilizaci\u00f3n de las cookies.<\/p>\n<p>Usted puede retirar su consentimiento previamente otorgado en cualquier momento eliminando las cookies instaladas en su equipo mediante la configuraci\u00f3n de las opciones del navegador, seg\u00fan se indica en el apartado \u00bb desactivaci\u00f3n o eliminaci\u00f3n de cookies\u00bb. No obstante, le informamos que esto puede impactar en las funcionalidades de la web, haciendo su experiencia como usuario menos satisfactoria.<\/p>\n<\/div>\n<\/div>\n<p>[\/et_pb_text][\/et_pb_column][\/et_pb_row][\/et_pb_section]<\/p>\n","protected":false},"excerpt":{"rendered":"<p>Pol\u00edtica de Cookies Titularidad La P\u00c0GINA WEB es propiedad de ASSOCIACI\u00d3 D\u00b4ESCENOGRAFS DE CATALUNYA, de ahora en adelante ASSOCIACI\u00d3 D\u00b4ESCENOGRAFS DE CATALUNYA, domiciliada en 08004 Barcelona (Espa\u00f1a), Pla\u00e7a Margarida Xirgu, 1. con NIF G-61726220, e inscrita al Registro Mercantil de Barcelona. \u00bfQue es una \u2018cookie\u2019? Una \u2018cookie\u2019 es un fichero que se descarga su ordenador\/tablet\/smartphone [&hellip;]<\/p>\n","protected":false},"author":1,"featured_media":0,"parent":0,"menu_order":0,"comment_status":"closed","ping_status":"closed","template":"","meta":{"_et_pb_use_builder":"on","_et_pb_old_content":"<div class=\"sm_column_text sm_content_element \">\n<div class=\"sm_wrapper\">\n<h2><span style=\"font-size: inherit; color: #191e23;\">Titularitat<\/span><\/h2>\n<\/div>\n<\/div>\n<div class=\"sm_column_text sm_content_element \">\n<div class=\"sm_wrapper\">\n\nLa P\u00c0GINA WEB \u00e9s propietat de ASSOCIACI\u00d3 D\u00b4ESCENOGRAFS DE CATALUNYA, d\u2019ara endavant ASSOCIACI\u00d3 D\u00b4ESCENOGRAFS DE CATALUNYA, domiciliada a 08004 Barcelona (Espanya), Pla\u00e7a Margarida Xirgu, 1. amb NIF G-61726220, i inscrita al Registre Mercantil de Barcelona.\n\n\u00bfQu\u00e8 \u00e9s una \u2018cookie\u2019?\nUna \u2018cookie\u2019 \u00e9s un fitxer que es descarrega al seu ordinador\/tablet\/smartphone en accedir a determinades p\u00e0gines web i\/o aplicacions. Les cookies permeten, entre altres coses, emmagatzemar i recuperar informaci\u00f3 sobre els h\u00e0bits de navegaci\u00f3 d\u2019un usuari o del seu equip i, depenent de la informaci\u00f3 que continguin i de la forma en qu\u00e8 utilitzi el seu equip, poden utilitzar-se per recon\u00e8ixer l\u2019usuari.\n\nQuins tipus de cookies utilitza la p\u00e0gina web ASSOCIACI\u00d3 D\u00b4ESCENOGRAFS DE CATALUNYA?\n\na)\u00a0\u00a0\u00a0\u00a0\u00a0 En funci\u00f3 de l\u2019entitat que les gestiona:\n\nCookies pr\u00f2pies: S\u00f3n les que s\u2019envien a l\u2019equip terminal de l\u2019usuari des d\u2019un equip o domini gestionat per ASSOCIACI\u00d3 D\u00b4ESCENOGRAFS DE CATALUNYA i des d\u2019on es presta el servei sol\u00b7licitat per l\u2019usuari.\n\nCookies de tercer: S\u00f3n les que s\u2019envien a l\u2019equip terminal de l\u2019usuari des d\u2019un equip o domini que no \u00e9s gestionat perASSOCIACI\u00d3 D\u00b4ESCENOGRAFS DE CATALUNYA, sino per una altra entitat que tracta les dades obtingudes mitjan\u00e7ant les cookies. En l\u2019apartat \u201cUtilitzaci\u00f3 de les cookies\u201d pot consultar quines entitats estableixen cookies en aquest lloc web.\n\nb)\u00a0\u00a0\u00a0\u00a0\u00a0 En funci\u00f3 del termini que romanen actives:\n\nCookies de sessi\u00f3: S\u00f3n un tipus de cookies dissenyades per recavar i emmagatzemar dades mentre l\u2019usuari accedeix a la nostra p\u00e0gina web.\n\nCookies persistents: S\u00f3n un tipus de cookies, les dades de les quals continuen emmagatzemades en el terminal i poden ser accedides i tractades durant un per\u00edode de temps definit pel responsable de la cookie, i que pot anar d\u2019uns minuts a uns quants anys.\n\nc)\u00a0\u00a0\u00a0\u00a0\u00a0\u00a0 Segons la finalitat per la qual es tractin:\n\nCookies d\u2019an\u00e0lisi: S\u00f3n les que, b\u00e9 tractades per nosaltres o per tercers, ens permeten quantificar el nombre d\u2019usuaris i aix\u00ed realitzar el mesurament i an\u00e0lisi estad\u00edstica de la utilitzaci\u00f3 que fan els usuaris del servei ofert. Per a aix\u00f2 s\u2019analitza la seva navegaci\u00f3 a la nostra p\u00e0gina web amb la finalitat de millorar l\u2019oferta de productes o serveis que li oferim.\n\nCookies t\u00e8cniques: S\u00f3n les que, b\u00e9 tractades per nosaltres o per tercers, permeten l\u2019usuari la navegaci\u00f3 a trav\u00e9s de la nostra p\u00e0gina web i la utilitzaci\u00f3 de les diferents opcions o dels seus serveis com a complements (plug-in) per intercanviar continguts socials, autenticaci\u00f3 o identificaci\u00f3 d\u2019usuari o sessions de reproductor multim\u00e8dia.\n\nCookies de personalitzaci\u00f3: S\u00f3n les que, b\u00e9 tractades per nosaltres o per tercers, permeten l\u2019usuari d\u2019accedir al servei amb algunes caracter\u00edstiques de car\u00e0cter general predefinides en funci\u00f3 d\u2019una s\u00e8rie de criteris en el terminal de l\u2019usuari, com l\u2019idioma preestablert en qu\u00e8 es mostra la p\u00e0gina web.\n\nDesactivaci\u00f3 o eliminaci\u00f3 de cookies\n\nVost\u00e8 pot permetre, bloquejar o eliminar les cookies instal\u00b7lades en el seu equip mitjan\u00e7ant la configuraci\u00f3 de les opcions del navegador instal\u00b7lat en el seu ordinador\/tablet\/smartphone.\n\nPer a m\u00e9s informaci\u00f3 sobre Internet Explorer\u00a0<a href=\"http:\/\/windows.microsoft.com\/es-es\/windows7\/how-to-manage-cookies-in-internet-explorer-9\">premi aqu\u00ed<\/a>.\n\nPer a m\u00e9s informaci\u00f3 sobre Firefox\u00a0<a href=\"https:\/\/support.mozilla.org\/es\/kb\/habilitar-y-deshabilitar-cookies-sitios-web-rastrear-preferencias?redirectlocale=es&amp;redirectslug=habilitar-y-deshabilitar-cookies-que-los-sitios-we\">premi aqu\u00ed.<\/a>\n\nPer a m\u00e9s informaci\u00f3 sobre Safari\u00a0<a href=\"https:\/\/support.apple.com\/kb\/PH19214?locale=es_ES&amp;viewlocale=es_ES\">premi aqu\u00ed<\/a>.\n\nPer a m\u00e9s informaci\u00f3 sobre Opera\u00a0<a href=\"http:\/\/help.opera.com\/Windows\/11.50\/es-ES\/cookies.html\">premi aqu\u00ed.<\/a>\n\nUtilitzaci\u00f3 de les cookies\n\nEn aquest lloc web utilitzem cookies de tercers per analitzar informaci\u00f3 de la navegaci\u00f3, permetre de compartir continguts en xarxes socials i la reproducci\u00f3 de v\u00eddeos allotjats en un altre lloc web. En els enlla\u00e7os seg\u00fcents pot consultar la pol\u00edtica de cookies de cada una de les entitats:\n\nGoogle Analytics i Youtube, consultar els enlla\u00e7os seg\u00fcents:\n\n\u2022\u00a0<a href=\"https:\/\/developers.google.com\/analytics\/devguides\/collection\/analyticsjs\/cookie-usage\">https:\/\/developers.google.com\/analytics\/devguides\/collection\/analyticsjs\/cookie-usage<\/a>\n\n\u2022\u00a0<a href=\"https:\/\/www.google.com\/analytics\/learn\/privacy.html\">https:\/\/www.google.com\/analytics\/learn\/privacy.html<\/a>\n\n\u2022\u00a0<a href=\"http:\/\/www.google.com\/intl\/en-US\/policies\/technologies\/cookies\/\">http:\/\/www.google.com\/intl\/en-US\/policies\/technologies\/cookies\/<\/a>\n\n\u2022 Twitter, consulteu l\u2019enlla\u00e7 seg\u00fcent:\u00a0<a href=\"https:\/\/twitter.com\/privacy\">https:\/\/twitter.com\/privacy<\/a>\n\n\u2022 Addthis, consulteu l\u2019enlla\u00e7 seg\u00fcent:\u00a0<a href=\"http:\/\/www.addthis.com\/privacy\">http:\/\/www.addthis.com\/privacy<\/a>\n\nConsentiment\n\nEn navegar pel nostre lloc web, Vost\u00e8 accepta la instal\u00b7laci\u00f3 i utilitzaci\u00f3 de les cookies.\n\nVost\u00e8 pot retirar el seu consentiment pr\u00e8viament atorgat en qualsevol moment eliminant les cookies instal\u00b7lades en el seu equip mitjan\u00e7ant la configuraci\u00f3 de les opcions del navegador, segons s\u2019indica en l\u2019apartat \u201cdesactivaci\u00f3 o eliminaci\u00f3 de cookies\u201d. No obstant, li informem que aix\u00f2 pot impactar en les funcionalitats de la web, fent la seva experi\u00e8ncia com a usuari menys satisfact\u00f2ria.\n\n<\/div>\n<\/div>","_et_gb_content_width":"","footnotes":""},"class_list":["post-1265","page","type-page","status-publish","hentry"],"yoast_head":"<!-- This site is optimized with the Yoast SEO plugin v26.9 - https:\/\/yoast.com\/product\/yoast-seo-wordpress\/ -->\n<title>Pol\u00edtica de Cookies - Associaci\u00f3 d\u00b4Escen\u00f2grafs de Catalunya<\/title>\n<meta name=\"robots\" content=\"index, follow, max-snippet:-1, max-image-preview:large, max-video-preview:-1\" \/>\n<link rel=\"canonical\" href=\"https:\/\/escenografia.org\/politica-de-cookies\/\" \/>\n<meta property=\"og:locale\" content=\"es_ES\" \/>\n<meta property=\"og:type\" content=\"article\" \/>\n<meta property=\"og:title\" content=\"Pol\u00edtica de Cookies - Associaci\u00f3 d\u00b4Escen\u00f2grafs de Catalunya\" \/>\n<meta property=\"og:description\" content=\"Pol\u00edtica de Cookies Titularidad La P\u00c0GINA WEB es propiedad de ASSOCIACI\u00d3 D\u00b4ESCENOGRAFS DE CATALUNYA, de ahora en adelante ASSOCIACI\u00d3 D\u00b4ESCENOGRAFS DE CATALUNYA, domiciliada en 08004 Barcelona (Espa\u00f1a), Pla\u00e7a Margarida Xirgu, 1. con NIF G-61726220, e inscrita al Registro Mercantil de Barcelona. \u00bfQue es una \u2018cookie\u2019? Una \u2018cookie\u2019 es un fichero que se descarga su ordenador\/tablet\/smartphone [&hellip;]\" \/>\n<meta property=\"og:url\" content=\"https:\/\/escenografia.org\/politica-de-cookies\/\" \/>\n<meta property=\"og:site_name\" content=\"Associaci\u00f3 d\u00b4Escen\u00f2grafs de Catalunya\" \/>\n<meta property=\"article:modified_time\" content=\"2019-07-23T23:07:27+00:00\" \/>\n<meta name=\"twitter:card\" content=\"summary_large_image\" \/>\n<meta name=\"twitter:label1\" content=\"Tiempo de lectura\" \/>\n\t<meta name=\"twitter:data1\" content=\"4 minutos\" \/>\n<script type=\"application\/ld+json\" class=\"yoast-schema-graph\">{\"@context\":\"https:\/\/schema.org\",\"@graph\":[{\"@type\":\"WebPage\",\"@id\":\"https:\/\/escenografia.org\/politica-de-cookies\/\",\"url\":\"https:\/\/escenografia.org\/politica-de-cookies\/\",\"name\":\"Pol\u00edtica de Cookies - Associaci\u00f3 d\u00b4Escen\u00f2grafs de Catalunya\",\"isPartOf\":{\"@id\":\"https:\/\/escenografia.org\/#website\"},\"datePublished\":\"2018-12-13T08:47:12+00:00\",\"dateModified\":\"2019-07-23T23:07:27+00:00\",\"breadcrumb\":{\"@id\":\"https:\/\/escenografia.org\/politica-de-cookies\/#breadcrumb\"},\"inLanguage\":\"es\",\"potentialAction\":[{\"@type\":\"ReadAction\",\"target\":[\"https:\/\/escenografia.org\/politica-de-cookies\/\"]}]},{\"@type\":\"BreadcrumbList\",\"@id\":\"https:\/\/escenografia.org\/politica-de-cookies\/#breadcrumb\",\"itemListElement\":[{\"@type\":\"ListItem\",\"position\":1,\"name\":\"Portada\",\"item\":\"https:\/\/escenografia.org\/es\/\"},{\"@type\":\"ListItem\",\"position\":2,\"name\":\"Pol\u00edtica de Cookies\"}]},{\"@type\":\"WebSite\",\"@id\":\"https:\/\/escenografia.org\/#website\",\"url\":\"https:\/\/escenografia.org\/\",\"name\":\"Associaci\u00f3 d\u00b4Escen\u00f2grafs de Catalunya\",\"description\":\"\",\"potentialAction\":[{\"@type\":\"SearchAction\",\"target\":{\"@type\":\"EntryPoint\",\"urlTemplate\":\"https:\/\/escenografia.org\/?s={search_term_string}\"},\"query-input\":{\"@type\":\"PropertyValueSpecification\",\"valueRequired\":true,\"valueName\":\"search_term_string\"}}],\"inLanguage\":\"es\"}]}<\/script>\n<!-- \/ Yoast SEO plugin. -->","yoast_head_json":{"title":"Pol\u00edtica de Cookies - Associaci\u00f3 d\u00b4Escen\u00f2grafs de Catalunya","robots":{"index":"index","follow":"follow","max-snippet":"max-snippet:-1","max-image-preview":"max-image-preview:large","max-video-preview":"max-video-preview:-1"},"canonical":"https:\/\/escenografia.org\/politica-de-cookies\/","og_locale":"es_ES","og_type":"article","og_title":"Pol\u00edtica de Cookies - Associaci\u00f3 d\u00b4Escen\u00f2grafs de Catalunya","og_description":"Pol\u00edtica de Cookies Titularidad La P\u00c0GINA WEB es propiedad de ASSOCIACI\u00d3 D\u00b4ESCENOGRAFS DE CATALUNYA, de ahora en adelante ASSOCIACI\u00d3 D\u00b4ESCENOGRAFS DE CATALUNYA, domiciliada en 08004 Barcelona (Espa\u00f1a), Pla\u00e7a Margarida Xirgu, 1. con NIF G-61726220, e inscrita al Registro Mercantil de Barcelona. \u00bfQue es una \u2018cookie\u2019? Una \u2018cookie\u2019 es un fichero que se descarga su ordenador\/tablet\/smartphone [&hellip;]","og_url":"https:\/\/escenografia.org\/politica-de-cookies\/","og_site_name":"Associaci\u00f3 d\u00b4Escen\u00f2grafs de Catalunya","article_modified_time":"2019-07-23T23:07:27+00:00","twitter_card":"summary_large_image","twitter_misc":{"Tiempo de lectura":"4 minutos"},"schema":{"@context":"https:\/\/schema.org","@graph":[{"@type":"WebPage","@id":"https:\/\/escenografia.org\/politica-de-cookies\/","url":"https:\/\/escenografia.org\/politica-de-cookies\/","name":"Pol\u00edtica de Cookies - Associaci\u00f3 d\u00b4Escen\u00f2grafs de Catalunya","isPartOf":{"@id":"https:\/\/escenografia.org\/#website"},"datePublished":"2018-12-13T08:47:12+00:00","dateModified":"2019-07-23T23:07:27+00:00","breadcrumb":{"@id":"https:\/\/escenografia.org\/politica-de-cookies\/#breadcrumb"},"inLanguage":"es","potentialAction":[{"@type":"ReadAction","target":["https:\/\/escenografia.org\/politica-de-cookies\/"]}]},{"@type":"BreadcrumbList","@id":"https:\/\/escenografia.org\/politica-de-cookies\/#breadcrumb","itemListElement":[{"@type":"ListItem","position":1,"name":"Portada","item":"https:\/\/escenografia.org\/es\/"},{"@type":"ListItem","position":2,"name":"Pol\u00edtica de Cookies"}]},{"@type":"WebSite","@id":"https:\/\/escenografia.org\/#website","url":"https:\/\/escenografia.org\/","name":"Associaci\u00f3 d\u00b4Escen\u00f2grafs de Catalunya","description":"","potentialAction":[{"@type":"SearchAction","target":{"@type":"EntryPoint","urlTemplate":"https:\/\/escenografia.org\/?s={search_term_string}"},"query-input":{"@type":"PropertyValueSpecification","valueRequired":true,"valueName":"search_term_string"}}],"inLanguage":"es"}]}},"_links":{"self":[{"href":"https:\/\/escenografia.org\/es\/wp-json\/wp\/v2\/pages\/1265","targetHints":{"allow":["GET"]}}],"collection":[{"href":"https:\/\/escenografia.org\/es\/wp-json\/wp\/v2\/pages"}],"about":[{"href":"https:\/\/escenografia.org\/es\/wp-json\/wp\/v2\/types\/page"}],"author":[{"embeddable":true,"href":"https:\/\/escenografia.org\/es\/wp-json\/wp\/v2\/users\/1"}],"replies":[{"embeddable":true,"href":"https:\/\/escenografia.org\/es\/wp-json\/wp\/v2\/comments?post=1265"}],"version-history":[{"count":2,"href":"https:\/\/escenografia.org\/es\/wp-json\/wp\/v2\/pages\/1265\/revisions"}],"predecessor-version":[{"id":1375,"href":"https:\/\/escenografia.org\/es\/wp-json\/wp\/v2\/pages\/1265\/revisions\/1375"}],"wp:attachment":[{"href":"https:\/\/escenografia.org\/es\/wp-json\/wp\/v2\/media?parent=1265"}],"curies":[{"name":"wp","href":"https:\/\/api.w.org\/{rel}","templated":true}]}}