{"id":761,"date":"2018-11-14T10:03:44","date_gmt":"2018-11-14T10:03:44","guid":{"rendered":"https:\/\/escenografia.org\/casa\/"},"modified":"2025-07-31T19:19:31","modified_gmt":"2025-07-31T19:19:31","slug":"casa","status":"publish","type":"page","link":"https:\/\/escenografia.org\/es\/","title":{"rendered":"Inicio"},"content":{"rendered":"<p>[et_pb_section fb_built=\u00bb1&#8243; _builder_version=\u00bb4.16&#8243; custom_padding=\u00bb54px|0px|0|0px|false|false\u00bb global_colors_info=\u00bb{}\u00bb][et_pb_row _builder_version=\u00bb4.16&#8243; width=\u00bb100%\u00bb max_width=\u00bb100%\u00bb custom_margin=\u00bb-55px||\u00bb custom_padding=\u00bb0px|0px|57px|0px|false|false\u00bb use_custom_width=\u00bbon\u00bb width_unit=\u00bboff\u00bb custom_width_percent=\u00bb100%\u00bb global_colors_info=\u00bb{}\u00bb][et_pb_column type=\u00bb4_4&#8243; _builder_version=\u00bb4.16&#8243; custom_padding=\u00bb|||\u00bb global_colors_info=\u00bb{}\u00bb custom_padding__hover=\u00bb|||\u00bb][et_pb_slider use_bg_overlay=\u00bbon\u00bb use_text_overlay=\u00bboff\u00bb _builder_version=\u00bb4.16&#8243; header_font=\u00bb||||||||\u00bb header_line_height=\u00bb1.5em\u00bb body_font=\u00bb||||||||\u00bb custom_button=\u00bbon\u00bb button_letter_spacing=\u00bb0px\u00bb button_font=\u00bb|700|||||||\u00bb button_custom_margin=\u00bb35px||\u00bb custom_margin=\u00bb-15px||0px\u00bb header_font_tablet=\u00bb\u00bb header_font_phone=\u00bb||||||||\u00bb header_font_last_edited=\u00bbon|desktop\u00bb header_font_size_tablet=\u00bb\u00bb header_font_size_phone=\u00bb29px\u00bb header_font_size_last_edited=\u00bbon|desktop\u00bb global_colors_info=\u00bb{}\u00bb][et_pb_slide heading=\u00bbAsociaci\u00f3n de Escen\u00f3grafos de Catalu\u00f1a\u00bb button_text=\u00bbContacto\u00bb button_link=\u00bbhttps:\/\/escenografia.org\/es\/contacto\/\u00bb _builder_version=\u00bb4.16&#8243; header_font=\u00bb||||||||\u00bb background_image=\u00bbhttps:\/\/escenografia.org\/wp-content\/uploads\/2019\/07\/1-FAUST-2014.jpg\u00bb background_position=\u00bbbottom_center\u00bb custom_padding=\u00bb95px||60px\u00bb header_font_size_tablet=\u00bb\u00bb header_font_size_phone=\u00bb35px\u00bb header_font_size_last_edited=\u00bbon|desktop\u00bb global_colors_info=\u00bb{}\u00bb sticky_transition=\u00bbon\u00bb]<\/p>\n<p>La Asociaci\u00f3n de Escen\u00f3grafos de Catalu\u00f1a naci\u00f3 en Barcelona en 1998 con el objetivo de organizar, representar y defender los intereses de los escen\u00f3grafos, as\u00ed como promover y difundir su trabajo.<\/p>\n<p>[\/et_pb_slide][\/et_pb_slider][\/et_pb_column][\/et_pb_row][et_pb_row _builder_version=\u00bb4.16&#8243; width=\u00bb100%\u00bb max_width=\u00bb100%\u00bb custom_margin=\u00bb-55px|auto|-55px|auto|true|\u00bb custom_padding=\u00bb0px|0px|57px|0px|false|false\u00bb use_custom_width=\u00bbon\u00bb width_unit=\u00bboff\u00bb custom_width_percent=\u00bb100%\u00bb global_colors_info=\u00bb{}\u00bb][et_pb_column type=\u00bb4_4&#8243; _builder_version=\u00bb4.16&#8243; custom_padding=\u00bb|||\u00bb global_colors_info=\u00bb{}\u00bb custom_padding__hover=\u00bb|||\u00bb][et_pb_text _builder_version=\u00bb4.16&#8243; text_font=\u00bb||||||||\u00bb text_text_color=\u00bb#aaaaaa\u00bb text_font_size=\u00bb15px\u00bb header_font=\u00bb||||||||\u00bb background_color=\u00bb#001d3a\u00bb text_orientation=\u00bbcenter\u00bb custom_margin=\u00bb-2px||40px|||\u00bb custom_padding=\u00bb15px||15px||true\u00bb text_font_size_tablet=\u00bb14px\u00bb text_font_size_phone=\u00bb13px\u00bb text_font_size_last_edited=\u00bbon|desktop\u00bb text_text_align=\u00bbcenter\u00bb global_colors_info=\u00bb{}\u00bb]<\/p>\n<p><span><strong>\u00a0 \u00a0<\/strong><strong>Espect\u00e1culo:\u00a0 <\/strong>FAUST<strong>\u00a0 \u00a0Escenograf\u00eda:<\/strong> ALFONS FLORES\u00a0 \u00a0<\/span><span><strong>Vestuario:<\/strong> LLUC CASTELLS\u00a0 \u00a0<\/span><strong>Iluminaci\u00f3n:\u00a0 <\/strong>Urs Sch\u00f6enebaum<strong>\u00a0 \u00a0<\/strong><span><strong>Cia.<\/strong> LA FURA DELS BAUS\u00a0 \u00a0<\/span><span><strong>Direcci\u00f3n:<\/strong> Alex Oll\u00e9\u00a0 \u00a0<\/span><strong>Fotograf\u00eda:\u00a0 <\/strong>Ruth Walz<\/p>\n<p>[\/et_pb_text][\/et_pb_column][\/et_pb_row][et_pb_row _builder_version=\u00bb4.16&#8243; width=\u00bb100%\u00bb width_tablet=\u00bb90%\u00bb width_phone=\u00bb\u00bb width_last_edited=\u00bbon|tablet\u00bb max_width=\u00bb1400px\u00bb custom_padding=\u00bb27px|0px|7px|0px|false|false\u00bb global_colors_info=\u00bb{}\u00bb][et_pb_column type=\u00bb4_4&#8243; _builder_version=\u00bb4.16&#8243; custom_padding=\u00bb|||\u00bb global_colors_info=\u00bb{}\u00bb custom_padding__hover=\u00bb|||\u00bb][et_pb_text _builder_version=\u00bb4.16&#8243; global_colors_info=\u00bb{}\u00bb]<\/p>\n<h3><strong>\u00daLTIMAS NOTICIAS<\/strong><\/h3>\n<p>[\/et_pb_text][\/et_pb_column][\/et_pb_row][\/et_pb_section][et_pb_section fb_built=\u00bb1&#8243; _builder_version=\u00bb4.16&#8243; custom_padding=\u00bb0|0px|54px|0px|false|false\u00bb global_colors_info=\u00bb{}\u00bb][et_pb_row column_structure=\u00bb3_5,2_5&#8243; _builder_version=\u00bb4.16&#8243; width=\u00bb100%\u00bb width_tablet=\u00bb90%\u00bb width_phone=\u00bb\u00bb width_last_edited=\u00bbon|tablet\u00bb max_width=\u00bb1400px\u00bb global_colors_info=\u00bb{}\u00bb][et_pb_column type=\u00bb3_5&#8243; _builder_version=\u00bb4.16&#8243; custom_padding=\u00bb|||\u00bb global_colors_info=\u00bb{}\u00bb custom_padding__hover=\u00bb|||\u00bb][et_pb_blog posts_number=\u00bb3&#8243; include_categories=\u00bb19&#8243; show_more=\u00bbon\u00bb show_author=\u00bboff\u00bb _builder_version=\u00bb4.16&#8243; header_font=\u00bb|600|||||||\u00bb header_font_size=\u00bb18px\u00bb header_line_height=\u00bb1.7em\u00bb meta_text_align=\u00bbleft\u00bb meta_text_color=\u00bb#c43100&#8243; read_more_font=\u00bb|600|||||||\u00bb read_more_text_color=\u00bb#000000&#8243; pagination_font=\u00bb|600|||||||\u00bb pagination_font_size=\u00bb20px\u00bb background_color=\u00bb#ffffff\u00bb global_colors_info=\u00bb{}\u00bb]<br \/>\n[\/et_pb_blog][\/et_pb_column][et_pb_column type=\u00bb2_5&#8243; _builder_version=\u00bb4.16&#8243; custom_padding=\u00bb|||\u00bb global_colors_info=\u00bb{}\u00bb custom_padding__hover=\u00bb|||\u00bb][et_pb_image src=\u00bbhttps:\/\/escenografia.org\/wp-content\/uploads\/2025\/07\/AF_TA25_logo-negre72pp-1.png\u00bb title_text=\u00bbAF_TA25_logo-negre72pp (1)\u00bb url=\u00bbhttps:\/\/temporada-alta.com\/?utm_source=TA21&#038;utm_medium=mitjans+guanyats&#038;utm_campaign=Associacio+escenografs+catalunya\u00bb url_new_window=\u00bbon\u00bb _builder_version=\u00bb4.27.4&#8243; _module_preset=\u00bbdefault\u00bb max_width=\u00bb50%\u00bb max_width_tablet=\u00bb27%\u00bb max_width_phone=\u00bb45%\u00bb max_width_last_edited=\u00bbon|desktop\u00bb module_alignment=\u00bbleft\u00bb locked=\u00bboff\u00bb global_colors_info=\u00bb{}\u00bb][\/et_pb_image][\/et_pb_column][\/et_pb_row][\/et_pb_section][et_pb_section fb_built=\u00bb1&#8243; _builder_version=\u00bb4.27.4&#8243; background_color=\u00bb#171717&#8243; hover_enabled=\u00bb0&#8243; global_module=\u00bb1276&#8243; saved_tabs=\u00bball\u00bb global_colors_info=\u00bb{}\u00bb custom_padding=\u00bb||0px||false|false\u00bb sticky_enabled=\u00bb0&#8243;][et_pb_row column_structure=\u00bb1_3,1_3,1_3&#8243; _builder_version=\u00bb4.27.4&#8243; border_width_bottom=\u00bb1px\u00bb global_colors_info=\u00bb{}\u00bb][et_pb_column type=\u00bb1_3&#8243; _builder_version=\u00bb4.16&#8243; custom_padding=\u00bb|||\u00bb global_colors_info=\u00bb{}\u00bb custom_padding__hover=\u00bb|||\u00bb][et_pb_text _builder_version=\u00bb4.27.4&#8243; text_font=\u00bb|600|||||||\u00bb header_2_font=\u00bb|600|||||||\u00bb header_2_text_color=\u00bb#5E5E5E\u00bb background_enable_color=\u00bboff\u00bb custom_margin=\u00bb||10px||false|false\u00bb global_colors_info=\u00bb{}\u00bb]<\/p>\n<h2>LOCALITZACI\u00d3<\/h2>\n<p>[\/et_pb_text][et_pb_text _builder_version=\u00bb4.27.4&#8243; text_font=\u00bb|600|||||||\u00bb text_text_color=\u00bb#5E5E5E\u00bb background_enable_color=\u00bboff\u00bb custom_margin=\u00bb30px||10px||false|false\u00bb global_colors_info=\u00bb{}\u00bb]<\/p>\n<p>Teatre LLiure.<br \/>Pla\u00e7a Margarita Xirgu,1-08004-Barcelona<\/p>\n<p>[\/et_pb_text][et_pb_text _builder_version=\u00bb4.27.4&#8243; text_font=\u00bb|600|||||||\u00bb text_text_color=\u00bb#5E5E5E\u00bb background_enable_color=\u00bboff\u00bb custom_margin=\u00bb30px||20px||false|false\u00bb hover_enabled=\u00bb0&#8243; global_colors_info=\u00bb{}\u00bb sticky_enabled=\u00bb0&#8243;]<\/p>\n<p><span style=\"color: #808080;\">Amb la col.laboraci\u00f3 del Teatre Lliure<\/span><\/p>\n<p>[\/et_pb_text][et_pb_image src=\u00bbhttps:\/\/escenografia.org\/wp-content\/uploads\/2019\/07\/Teatre-Lliure.png\u00bb _builder_version=\u00bb4.27.4&#8243; global_colors_info=\u00bb{}\u00bb][\/et_pb_image][\/et_pb_column][et_pb_column type=\u00bb1_3&#8243; _builder_version=\u00bb4.16&#8243; custom_padding=\u00bb|||\u00bb global_colors_info=\u00bb{}\u00bb custom_padding__hover=\u00bb|||\u00bb][et_pb_text _builder_version=\u00bb4.27.4&#8243; text_font=\u00bb|600|||||||\u00bb header_2_font=\u00bb|600|||||||\u00bb header_2_text_color=\u00bb#5E5E5E\u00bb background_enable_color=\u00bboff\u00bb custom_margin=\u00bb||10px||false|false\u00bb global_colors_info=\u00bb{}\u00bb]<\/p>\n<h2>CONTACTA AMB NOSALTRES<\/h2>\n<p>[\/et_pb_text][et_pb_blurb use_icon=\u00bbon\u00bb font_icon=\u00bb&#xe090;||divi||400&#8243; icon_color=\u00bb#6d6d6d\u00bb icon_placement=\u00bbleft\u00bb image_icon_width=\u00bb22px\u00bb _builder_version=\u00bb4.27.4&#8243; body_font=\u00bb||||||||\u00bb body_text_color=\u00bb#828282&#8243; custom_margin=\u00bb30px||||false|false\u00bb icon_font_size=\u00bb22px\u00bb global_colors_info=\u00bb{}\u00bb]<\/p>\n<p><strong>Tel\u00e8fon:<span>\u00a0<\/span><\/strong><span>+34 93 289 27 70 <\/span><\/p>\n<p>[\/et_pb_blurb][et_pb_blurb use_icon=\u00bbon\u00bb font_icon=\u00bb&#xe010;||divi||400&#8243; icon_color=\u00bb#6d6d6d\u00bb icon_placement=\u00bbleft\u00bb image_icon_width=\u00bb22px\u00bb _builder_version=\u00bb4.16&#8243; body_font=\u00bb||||||||\u00bb body_text_color=\u00bb#828282&#8243; icon_font_size=\u00bb22px\u00bb global_colors_info=\u00bb{}\u00bb]<\/p>\n<p><strong>Email:<span>\u00a0<\/span><\/strong><span style=\"color: #808080;\"><a href=\"mailto:escenografs@gmail.com\" style=\"color: #808080;\">escenografs@gmail.com<\/a><\/span><\/p>\n<p>[\/et_pb_blurb][\/et_pb_column][et_pb_column type=\u00bb1_3&#8243; _builder_version=\u00bb4.16&#8243; custom_padding=\u00bb|||\u00bb global_colors_info=\u00bb{}\u00bb custom_padding__hover=\u00bb|||\u00bb][et_pb_text _builder_version=\u00bb4.27.4&#8243; text_font=\u00bb|600|||||||\u00bb header_2_font=\u00bb|600|||||||\u00bb header_2_text_color=\u00bb#5E5E5E\u00bb background_enable_color=\u00bboff\u00bb custom_margin=\u00bb||10px||false|false\u00bb global_colors_info=\u00bb{}\u00bb]<\/p>\n<h2>ZONA SOCIS<\/h2>\n<p>[\/et_pb_text][et_pb_button button_url=\u00bbhttps:\/\/escenografia.org\/es\/zona-de-socios\/\u00bb button_text=\u00bbENTRAR\u00bb _builder_version=\u00bb4.27.4&#8243; custom_button=\u00bbon\u00bb button_text_color=\u00bb#5e5e5e\u00bb custom_margin=\u00bb30px||||false|false\u00bb global_colors_info=\u00bb{}\u00bb][\/et_pb_button][\/et_pb_column][\/et_pb_row][\/et_pb_section]<\/p>\n","protected":false},"excerpt":{"rendered":"<p>La Asociaci\u00f3n de Escen\u00f3grafos de Catalu\u00f1a naci\u00f3 en Barcelona en 1998 con el objetivo de organizar, representar y defender los intereses de los escen\u00f3grafos, as\u00ed como promover y difundir su trabajo.\u00a0 \u00a0Espect\u00e1culo:\u00a0 FAUST\u00a0 \u00a0Escenograf\u00eda: ALFONS FLORES\u00a0 \u00a0Vestuario: LLUC CASTELLS\u00a0 \u00a0Iluminaci\u00f3n:\u00a0 Urs Sch\u00f6enebaum\u00a0 \u00a0Cia. LA FURA DELS BAUS\u00a0 \u00a0Direcci\u00f3n: Alex Oll\u00e9\u00a0 \u00a0Fotograf\u00eda:\u00a0 Ruth Walz\u00daLTIMAS NOTICIAS LOCALITZACI\u00d3Teatre [&hellip;]<\/p>\n","protected":false},"author":1,"featured_media":0,"parent":0,"menu_order":0,"comment_status":"closed","ping_status":"closed","template":"","meta":{"_et_pb_use_builder":"on","_et_pb_old_content":"","_et_gb_content_width":"","footnotes":""},"class_list":["post-761","page","type-page","status-publish","hentry"],"yoast_head":"<!-- This site is optimized with the Yoast SEO plugin v26.9 - https:\/\/yoast.com\/product\/yoast-seo-wordpress\/ -->\n<title>Inicio - Associaci\u00f3 d\u00b4Escen\u00f2grafs de Catalunya<\/title>\n<meta name=\"robots\" content=\"index, follow, max-snippet:-1, max-image-preview:large, max-video-preview:-1\" \/>\n<link rel=\"canonical\" href=\"https:\/\/escenografia.org\/es\/\" \/>\n<meta property=\"og:locale\" content=\"es_ES\" \/>\n<meta property=\"og:type\" content=\"article\" \/>\n<meta property=\"og:title\" content=\"Inicio - Associaci\u00f3 d\u00b4Escen\u00f2grafs de Catalunya\" \/>\n<meta property=\"og:description\" content=\"La Asociaci\u00f3n de Escen\u00f3grafos de Catalu\u00f1a naci\u00f3 en Barcelona en 1998 con el objetivo de organizar, representar y defender los intereses de los escen\u00f3grafos, as\u00ed como promover y difundir su trabajo.\u00a0 \u00a0Espect\u00e1culo:\u00a0 FAUST\u00a0 \u00a0Escenograf\u00eda: ALFONS FLORES\u00a0 \u00a0Vestuario: LLUC CASTELLS\u00a0 \u00a0Iluminaci\u00f3n:\u00a0 Urs Sch\u00f6enebaum\u00a0 \u00a0Cia. LA FURA DELS BAUS\u00a0 \u00a0Direcci\u00f3n: Alex Oll\u00e9\u00a0 \u00a0Fotograf\u00eda:\u00a0 Ruth Walz\u00daLTIMAS NOTICIAS LOCALITZACI\u00d3Teatre [&hellip;]\" \/>\n<meta property=\"og:url\" content=\"https:\/\/escenografia.org\/es\/\" \/>\n<meta property=\"og:site_name\" content=\"Associaci\u00f3 d\u00b4Escen\u00f2grafs de Catalunya\" \/>\n<meta property=\"article:modified_time\" content=\"2025-07-31T19:19:31+00:00\" \/>\n<meta name=\"twitter:card\" content=\"summary_large_image\" \/>\n<meta name=\"twitter:label1\" content=\"Tiempo de lectura\" \/>\n\t<meta name=\"twitter:data1\" content=\"5 minutos\" \/>\n<script type=\"application\/ld+json\" class=\"yoast-schema-graph\">{\"@context\":\"https:\/\/schema.org\",\"@graph\":[{\"@type\":\"WebPage\",\"@id\":\"https:\/\/escenografia.org\/es\/\",\"url\":\"https:\/\/escenografia.org\/es\/\",\"name\":\"Inicio - Associaci\u00f3 d\u00b4Escen\u00f2grafs de Catalunya\",\"isPartOf\":{\"@id\":\"https:\/\/escenografia.org\/#website\"},\"datePublished\":\"2018-11-14T10:03:44+00:00\",\"dateModified\":\"2025-07-31T19:19:31+00:00\",\"breadcrumb\":{\"@id\":\"https:\/\/escenografia.org\/es\/#breadcrumb\"},\"inLanguage\":\"es\",\"potentialAction\":[{\"@type\":\"ReadAction\",\"target\":[\"https:\/\/escenografia.org\/es\/\"]}]},{\"@type\":\"BreadcrumbList\",\"@id\":\"https:\/\/escenografia.org\/es\/#breadcrumb\",\"itemListElement\":[{\"@type\":\"ListItem\",\"position\":1,\"name\":\"Portada\",\"item\":\"https:\/\/escenografia.org\/es\/\"},{\"@type\":\"ListItem\",\"position\":2,\"name\":\"Inicio\"}]},{\"@type\":\"WebSite\",\"@id\":\"https:\/\/escenografia.org\/#website\",\"url\":\"https:\/\/escenografia.org\/\",\"name\":\"Associaci\u00f3 d\u00b4Escen\u00f2grafs de Catalunya\",\"description\":\"\",\"potentialAction\":[{\"@type\":\"SearchAction\",\"target\":{\"@type\":\"EntryPoint\",\"urlTemplate\":\"https:\/\/escenografia.org\/?s={search_term_string}\"},\"query-input\":{\"@type\":\"PropertyValueSpecification\",\"valueRequired\":true,\"valueName\":\"search_term_string\"}}],\"inLanguage\":\"es\"}]}<\/script>\n<!-- \/ Yoast SEO plugin. -->","yoast_head_json":{"title":"Inicio - Associaci\u00f3 d\u00b4Escen\u00f2grafs de Catalunya","robots":{"index":"index","follow":"follow","max-snippet":"max-snippet:-1","max-image-preview":"max-image-preview:large","max-video-preview":"max-video-preview:-1"},"canonical":"https:\/\/escenografia.org\/es\/","og_locale":"es_ES","og_type":"article","og_title":"Inicio - Associaci\u00f3 d\u00b4Escen\u00f2grafs de Catalunya","og_description":"La Asociaci\u00f3n de Escen\u00f3grafos de Catalu\u00f1a naci\u00f3 en Barcelona en 1998 con el objetivo de organizar, representar y defender los intereses de los escen\u00f3grafos, as\u00ed como promover y difundir su trabajo.\u00a0 \u00a0Espect\u00e1culo:\u00a0 FAUST\u00a0 \u00a0Escenograf\u00eda: ALFONS FLORES\u00a0 \u00a0Vestuario: LLUC CASTELLS\u00a0 \u00a0Iluminaci\u00f3n:\u00a0 Urs Sch\u00f6enebaum\u00a0 \u00a0Cia. LA FURA DELS BAUS\u00a0 \u00a0Direcci\u00f3n: Alex Oll\u00e9\u00a0 \u00a0Fotograf\u00eda:\u00a0 Ruth Walz\u00daLTIMAS NOTICIAS LOCALITZACI\u00d3Teatre [&hellip;]","og_url":"https:\/\/escenografia.org\/es\/","og_site_name":"Associaci\u00f3 d\u00b4Escen\u00f2grafs de Catalunya","article_modified_time":"2025-07-31T19:19:31+00:00","twitter_card":"summary_large_image","twitter_misc":{"Tiempo de lectura":"5 minutos"},"schema":{"@context":"https:\/\/schema.org","@graph":[{"@type":"WebPage","@id":"https:\/\/escenografia.org\/es\/","url":"https:\/\/escenografia.org\/es\/","name":"Inicio - Associaci\u00f3 d\u00b4Escen\u00f2grafs de Catalunya","isPartOf":{"@id":"https:\/\/escenografia.org\/#website"},"datePublished":"2018-11-14T10:03:44+00:00","dateModified":"2025-07-31T19:19:31+00:00","breadcrumb":{"@id":"https:\/\/escenografia.org\/es\/#breadcrumb"},"inLanguage":"es","potentialAction":[{"@type":"ReadAction","target":["https:\/\/escenografia.org\/es\/"]}]},{"@type":"BreadcrumbList","@id":"https:\/\/escenografia.org\/es\/#breadcrumb","itemListElement":[{"@type":"ListItem","position":1,"name":"Portada","item":"https:\/\/escenografia.org\/es\/"},{"@type":"ListItem","position":2,"name":"Inicio"}]},{"@type":"WebSite","@id":"https:\/\/escenografia.org\/#website","url":"https:\/\/escenografia.org\/","name":"Associaci\u00f3 d\u00b4Escen\u00f2grafs de Catalunya","description":"","potentialAction":[{"@type":"SearchAction","target":{"@type":"EntryPoint","urlTemplate":"https:\/\/escenografia.org\/?s={search_term_string}"},"query-input":{"@type":"PropertyValueSpecification","valueRequired":true,"valueName":"search_term_string"}}],"inLanguage":"es"}]}},"_links":{"self":[{"href":"https:\/\/escenografia.org\/es\/wp-json\/wp\/v2\/pages\/761","targetHints":{"allow":["GET"]}}],"collection":[{"href":"https:\/\/escenografia.org\/es\/wp-json\/wp\/v2\/pages"}],"about":[{"href":"https:\/\/escenografia.org\/es\/wp-json\/wp\/v2\/types\/page"}],"author":[{"embeddable":true,"href":"https:\/\/escenografia.org\/es\/wp-json\/wp\/v2\/users\/1"}],"replies":[{"embeddable":true,"href":"https:\/\/escenografia.org\/es\/wp-json\/wp\/v2\/comments?post=761"}],"version-history":[{"count":7,"href":"https:\/\/escenografia.org\/es\/wp-json\/wp\/v2\/pages\/761\/revisions"}],"predecessor-version":[{"id":9746709,"href":"https:\/\/escenografia.org\/es\/wp-json\/wp\/v2\/pages\/761\/revisions\/9746709"}],"wp:attachment":[{"href":"https:\/\/escenografia.org\/es\/wp-json\/wp\/v2\/media?parent=761"}],"curies":[{"name":"wp","href":"https:\/\/api.w.org\/{rel}","templated":true}]}}