{"id":862,"date":"2018-11-14T10:31:17","date_gmt":"2018-11-14T10:31:17","guid":{"rendered":"https:\/\/escenografia.org\/asociaciones-profesionales\/"},"modified":"2019-07-23T10:17:14","modified_gmt":"2019-07-23T10:17:14","slug":"asociaciones-profesionales","status":"publish","type":"page","link":"https:\/\/escenografia.org\/es\/asociaciones-profesionales\/","title":{"rendered":"Asociaciones Profesionales"},"content":{"rendered":"<p>[et_pb_section fb_built=\u00bb1&#8243; _builder_version=\u00bb3.22.3&#8243; custom_padding=\u00bb54px|0px|0|0px|false|false\u00bb][et_pb_row custom_padding=\u00bb0px|0px|0|0px|false|false\u00bb custom_margin=\u00bb-55px||\u00bb _builder_version=\u00bb3.25&#8243; width=\u00bb100%\u00bb max_width=\u00bb100%\u00bb use_custom_width=\u00bbon\u00bb width_unit=\u00bboff\u00bb custom_width_percent=\u00bb100%\u00bb][et_pb_column type=\u00bb4_4&#8243; _builder_version=\u00bb3.25&#8243; custom_padding=\u00bb|||\u00bb custom_padding__hover=\u00bb|||\u00bb][et_pb_slider _builder_version=\u00bb3.25.4&#8243; custom_margin=\u00bb-15px||0px\u00bb link_option_url=\u00bbhttps:\/\/escenografia.org\/contacte\/\u00bb][et_pb_slide heading=\u00bbAsociaciones Profesionales\u00bb button_text=\u00bbContacto\u00bb use_bg_overlay=\u00bbon\u00bb _builder_version=\u00bb3.25.4&#8243; header_font=\u00bb||||||||\u00bb header_line_height=\u00bb2em\u00bb background_image=\u00bbhttps:\/\/escenografia.org\/wp-content\/uploads\/2019\/07\/SSALVADOR-219-id732-1x.jpg\u00bb custom_padding=\u00bb100px||60px\u00bb][\/et_pb_slide][\/et_pb_slider][\/et_pb_column][\/et_pb_row][et_pb_row custom_padding=\u00bb0px|0px|57px|0px|false|false\u00bb custom_margin=\u00bb-5px|auto|-5px|auto|true|\u00bb _builder_version=\u00bb3.25&#8243; width=\u00bb100%\u00bb max_width=\u00bb100%\u00bb use_custom_width=\u00bbon\u00bb width_unit=\u00bboff\u00bb custom_width_percent=\u00bb100%\u00bb][et_pb_column type=\u00bb4_4&#8243; _builder_version=\u00bb3.25&#8243; custom_padding=\u00bb|||\u00bb custom_padding__hover=\u00bb|||\u00bb][et_pb_text _builder_version=\u00bb3.26.3&#8243; text_font=\u00bb||||||||\u00bb text_text_align=\u00bbcenter\u00bb text_text_color=\u00bb#aaaaaa\u00bb text_font_size=\u00bb15px\u00bb header_font=\u00bb||||||||\u00bb background_color=\u00bb#933f1d\u00bb custom_margin=\u00bb-2px||40px|||\u00bb custom_padding=\u00bb15px||15px||true\u00bb filter_saturate=\u00bb92%\u00bb filter_brightness=\u00bb105%\u00bb text_font_size_tablet=\u00bb14px\u00bb text_font_size_phone=\u00bb13px\u00bb text_font_size_last_edited=\u00bbon|desktop\u00bb]<\/p>\n<p><strong> <span style=\"color: #c1c1c1;\"> <\/span><\/strong><strong><span style=\"color: #cecece;\">MUSEOGRAFIA,\u00a0\u00a0<\/span> <\/strong><span style=\"color: #cecece;\"><b>Pavell\u00f3 de St. Salvador,\u00a0 \u00a0Hospital de la Sta. Creu i St. Pau<\/b>\u00a0 \u00a0\u00a0<\/span><strong><span>Espacio expositivo:\u00a0<\/span><\/strong> IGNASI CRISTI\u00c0\u00a0 \u00a0\u00a0<span style=\"color: #c1c1c1;\"><strong>Fotograf\u00eda:\u00a0\u00a0<\/strong>Pepo Segura i Robert Ramos<\/span><\/p>\n<p>[\/et_pb_text][\/et_pb_column][\/et_pb_row][\/et_pb_section][et_pb_section fb_built=\u00bb1&#8243; _builder_version=\u00bb3.22.3&#8243; custom_padding=\u00bb54px|||||\u00bb][et_pb_row column_structure=\u00bb1_2,1_2&#8243; _builder_version=\u00bb3.25&#8243;][et_pb_column type=\u00bb1_2&#8243; _builder_version=\u00bb3.25&#8243; custom_padding=\u00bb|||\u00bb custom_padding__hover=\u00bb|||\u00bb][et_pb_text _builder_version=\u00bb3.17.6&#8243;]<\/p>\n<h1>Asociaciones Profesionales<\/h1>\n<p>[\/et_pb_text][\/et_pb_column][et_pb_column type=\u00bb1_2&#8243; _builder_version=\u00bb3.25&#8243; custom_padding=\u00bb|||\u00bb custom_padding__hover=\u00bb|||\u00bb][\/et_pb_column][\/et_pb_row][et_pb_row column_structure=\u00bb1_4,1_4,1_4,1_4&#8243; _builder_version=\u00bb3.25&#8243;][et_pb_column type=\u00bb1_4&#8243; _builder_version=\u00bb3.25&#8243; custom_padding=\u00bb|||\u00bb custom_padding__hover=\u00bb|||\u00bb][et_pb_image src=\u00bbhttps:\/\/escenografia.org\/wp-content\/uploads\/2018\/11\/logo.jpg\u00bb url_new_window=\u00bbon\u00bb align_tablet=\u00bbcenter\u00bb align_last_edited=\u00bbon|desktop\u00bb _builder_version=\u00bb3.26.3&#8243; url=\u00bbhttp:\/\/www.aapee.es\/\u00bb]<\/p>\n<p>\n<\/p>\n<p>[\/et_pb_image][\/et_pb_column][et_pb_column type=\u00bb1_4&#8243; _builder_version=\u00bb3.25&#8243; custom_padding=\u00bb|||\u00bb custom_padding__hover=\u00bb|||\u00bb][et_pb_text _builder_version=\u00bb3.17.6&#8243;]<\/p>\n<p><strong>AAPEE<\/strong> &#8211; Asociaci\u00f3n de Artistas Pl\u00e1sticos Esc\u00e9nicos de Espa\u00f1a. Se cre\u00f3 en el a\u00f1o 2014 con la finalidad de representar a los creadores y art\u00edstas que trabajan en el sector de las Artes esc\u00e9nicas.<\/p>\n<p>[\/et_pb_text][\/et_pb_column][et_pb_column type=\u00bb1_4&#8243; _builder_version=\u00bb3.25&#8243; custom_padding=\u00bb|||\u00bb custom_padding__hover=\u00bb|||\u00bb][et_pb_image src=\u00bbhttps:\/\/escenografia.org\/wp-content\/uploads\/2018\/11\/logo_UDS.jpg\u00bb align_tablet=\u00bbcenter\u00bb align_last_edited=\u00bbon|desktop\u00bb _builder_version=\u00bb3.26.3&#8243; url=\u00bbhttp:\/\/uniondesscenographes.fr\/\u00bb url_new_window=\u00bbon\u00bb]<\/p>\n<p>\n<\/p>\n<p>[\/et_pb_image][\/et_pb_column][et_pb_column type=\u00bb1_4&#8243; _builder_version=\u00bb3.25&#8243; custom_padding=\u00bb|||\u00bb custom_padding__hover=\u00bb|||\u00bb][et_pb_text _builder_version=\u00bb3.26.3&#8243;]<\/p>\n<p><strong>UDS &#8211;<\/strong> Uni\u00f3n de Escen\u00f3grafos. Sindicato nacional de escen\u00f3grafos de equipamientos, espect\u00e1culos y exposiciones de Francia.<\/p>\n<p>[\/et_pb_text][\/et_pb_column][\/et_pb_row][et_pb_row column_structure=\u00bb1_4,1_4,1_4,1_4&#8243; _builder_version=\u00bb3.25&#8243; background_size=\u00bbinitial\u00bb background_position=\u00bbtop_left\u00bb background_repeat=\u00bbrepeat\u00bb][et_pb_column type=\u00bb1_4&#8243; _builder_version=\u00bb3.25&#8243; custom_padding=\u00bb|||\u00bb custom_padding__hover=\u00bb|||\u00bb][et_pb_image src=\u00bbhttps:\/\/escenografia.org\/wp-content\/uploads\/2018\/11\/i_apasq.gif\u00bb align_tablet=\u00bbcenter\u00bb align_last_edited=\u00bbon|desktop\u00bb _builder_version=\u00bb3.26.3&#8243; url=\u00bbhttps:\/\/apasq.org\/\u00bb url_new_window=\u00bbon\u00bb]<\/p>\n<p>\n<\/p>\n<p>[\/et_pb_image][\/et_pb_column][et_pb_column type=\u00bb1_4&#8243; _builder_version=\u00bb3.25&#8243; custom_padding=\u00bb|||\u00bb custom_padding__hover=\u00bb|||\u00bb][et_pb_text _builder_version=\u00bb3.26.3&#8243;]<\/p>\n<p><strong>APSQ &#8211;<\/strong> Asociaci\u00f3n de Profesionales de las Artes Esc\u00e9nicas del Qu\u00e9bec. Agrupa y representa a todos los dise\u00f1adores de accesorios, peluquer\u00eda, vestuario, espacio, iluminaci\u00f3n, ambientes sonoros,\u00a0 maquillajes y t\u00edteres que trabajan en Qu\u00e9bec en los campos del teatro, la m\u00fasica, la danza, espect\u00e1culos de animaci\u00f3n, teatro musical, \u00f3pera, circo y eventos multidisciplinarios.<\/p>\n<p>[\/et_pb_text][\/et_pb_column][et_pb_column type=\u00bb1_4&#8243; _builder_version=\u00bb3.25&#8243; custom_padding=\u00bb|||\u00bb custom_padding__hover=\u00bb|||\u00bb][et_pb_image src=\u00bbhttps:\/\/escenografia.org\/wp-content\/uploads\/2018\/11\/paac.png\u00bb align_tablet=\u00bbcenter\u00bb align_last_edited=\u00bbon|desktop\u00bb _builder_version=\u00bb3.26.3&#8243; url=\u00bbhttp:\/\/www.paac.cat\/p\/1\/1\/0\/Inici\u00bb url_new_window=\u00bbon\u00bb]<\/p>\n<p>\n<\/p>\n<p>[\/et_pb_image][\/et_pb_column][et_pb_column type=\u00bb1_4&#8243; _builder_version=\u00bb3.25&#8243; custom_padding=\u00bb|||\u00bb custom_padding__hover=\u00bb|||\u00bb][et_pb_text _builder_version=\u00bb3.26.3&#8243;]<\/p>\n<p><strong>PAAC &#8211;<\/strong> Plataforma Asamblearia de Artistas de Catalu\u00f1a. Nace con el objetivo de dar voz al colectivo de artistas, luchar por el reconocimiento social y su aportaci\u00f3n dentro de la sociedad y velar por una profesionalizaci\u00f3n justa.<\/p>\n<p>[\/et_pb_text][\/et_pb_column][\/et_pb_row][et_pb_row column_structure=\u00bb1_4,1_4,1_4,1_4&#8243; _builder_version=\u00bb3.25&#8243; background_size=\u00bbinitial\u00bb background_position=\u00bbtop_left\u00bb background_repeat=\u00bbrepeat\u00bb][et_pb_column type=\u00bb1_4&#8243; _builder_version=\u00bb3.25&#8243; custom_padding=\u00bb|||\u00bb custom_padding__hover=\u00bb|||\u00bb][et_pb_image src=\u00bbhttps:\/\/escenografia.org\/wp-content\/uploads\/2018\/11\/AADPC.jpeg\u00bb align_tablet=\u00bbcenter\u00bb align_last_edited=\u00bbon|desktop\u00bb _builder_version=\u00bb3.26.3&#8243; url=\u00bbhttp:\/\/aadpc.cat\/\u00bb url_new_window=\u00bbon\u00bb]<\/p>\n<p>\n<\/p>\n<p>[\/et_pb_image][\/et_pb_column][et_pb_column type=\u00bb1_4&#8243; _builder_version=\u00bb3.25&#8243; custom_padding=\u00bb|||\u00bb custom_padding__hover=\u00bb|||\u00bb][et_pb_text _builder_version=\u00bb3.26.3&#8243;]<\/p>\n<p><strong>AADPC &#8211;<\/strong> Asociaci\u00f3n de Actores y Directores Profesionales de Catalu\u00f1a. Organizaci\u00f3n de car\u00e1cter profesional y sindical independiente. Aglutina actores, actrices, directores y directoras asociados que desarrollan su actividad en Catalu\u00f1a.<\/p>\n<p>[\/et_pb_text][\/et_pb_column][et_pb_column type=\u00bb1_4&#8243; _builder_version=\u00bb3.25&#8243; custom_padding=\u00bb|||\u00bb custom_padding__hover=\u00bb|||\u00bb][et_pb_image src=\u00bbhttps:\/\/escenografia.org\/wp-content\/uploads\/2018\/11\/apdc_big_logo.png\u00bb align_tablet=\u00bbcenter\u00bb align_last_edited=\u00bbon|desktop\u00bb _builder_version=\u00bb3.26.3&#8243; url=\u00bbhttp:\/\/dansacat.org\/\u00bb url_new_window=\u00bbon\u00bb]<\/p>\n<p>\n<\/p>\n<p>[\/et_pb_image][\/et_pb_column][et_pb_column type=\u00bb1_4&#8243; _builder_version=\u00bb3.25&#8243; custom_padding=\u00bb|||\u00bb custom_padding__hover=\u00bb|||\u00bb][et_pb_text _builder_version=\u00bb3.26.3&#8243;]<\/p>\n<p><strong>APDC &#8211;<\/strong> Asociaci\u00f3n de Profesionales de la Danza de Catalu\u00f1a. Es una asociaci\u00f3n de car\u00e1cter sindical con el objetivo de agrupar a los profesionales de la danza en Catalu\u00f1a para defender los intereses de los bailarines, core\u00f3grafos, pedagogos, especialistas en salud y danza, productores y gestores culturales de danza, managers de compa\u00f1\u00edas y todas aquellas personas que tienen una actividad profesional relacionada con la danza.<\/p>\n<p>[\/et_pb_text][\/et_pb_column][\/et_pb_row][et_pb_row column_structure=\u00bb1_4,1_4,1_4,1_4&#8243; _builder_version=\u00bb3.25&#8243; background_size=\u00bbinitial\u00bb background_position=\u00bbtop_left\u00bb background_repeat=\u00bbrepeat\u00bb][et_pb_column type=\u00bb1_4&#8243; _builder_version=\u00bb3.25&#8243; custom_padding=\u00bb|||\u00bb custom_padding__hover=\u00bb|||\u00bb][et_pb_image src=\u00bbhttps:\/\/escenografia.org\/wp-content\/uploads\/2018\/11\/ATAE1.jpg\u00bb align_tablet=\u00bbcenter\u00bb align_last_edited=\u00bbon|desktop\u00bb _builder_version=\u00bb3.26.3&#8243; url=\u00bbhttps:\/\/atae.org\/\u00bb url_new_window=\u00bbon\u00bb]<\/p>\n<p>\n<\/p>\n<p>[\/et_pb_image][\/et_pb_column][et_pb_column type=\u00bb1_4&#8243; _builder_version=\u00bb3.25&#8243; custom_padding=\u00bb|||\u00bb custom_padding__hover=\u00bb|||\u00bb][et_pb_text _builder_version=\u00bb3.26.3&#8243;]<\/p>\n<p>ATAE &#8211; Asociaci\u00f3n Profesional de T\u00e9cnicos de las Artes Esc\u00e9nicas. Est\u00e0 formada per trabajadores de todas las especialidades del espect\u00e1culo en vivo.<\/p>\n<p>[\/et_pb_text][\/et_pb_column][et_pb_column type=\u00bb1_4&#8243; _builder_version=\u00bb3.25&#8243; custom_padding=\u00bb|||\u00bb custom_padding__hover=\u00bb|||\u00bb][\/et_pb_column][et_pb_column type=\u00bb1_4&#8243; _builder_version=\u00bb3.25&#8243; custom_padding=\u00bb|||\u00bb custom_padding__hover=\u00bb|||\u00bb][\/et_pb_column][\/et_pb_row][\/et_pb_section][et_pb_section fb_built=\u00bb1&#8243; _builder_version=\u00bb3.17.6&#8243; background_color=\u00bb#171717&#8243; global_module=\u00bb1276&#8243; saved_tabs=\u00bball\u00bb][et_pb_row column_structure=\u00bb1_3,1_3,1_3&#8243; _builder_version=\u00bb3.25&#8243;][et_pb_column type=\u00bb1_3&#8243; _builder_version=\u00bb3.25&#8243; custom_padding=\u00bb|||\u00bb custom_padding__hover=\u00bb|||\u00bb][et_pb_text _builder_version=\u00bb3.25.4&#8243; header_2_font=\u00bb|800|||||||\u00bb header_2_text_color=\u00bb#424242&#8243;]<\/p>\n<h2>Ubicaci\u00f3n<\/h2>\n<p>[\/et_pb_text][et_pb_text _builder_version=\u00bb3.25.4&#8243; text_font=\u00bb||||||||\u00bb text_text_color=\u00bb#828282&#8243;]<\/p>\n<p>Teatre LLiure.<br \/>Plaza Margarita Xirgu, 1-08004-Barcelona<\/p>\n<p>&nbsp;<\/p>\n<p>[\/et_pb_text][et_pb_text _builder_version=\u00bb3.25.4&#8243; custom_margin=\u00bb-15px||\u00bb]<\/p>\n<p><span style=\"color: #808080;\">Con la colaboraci\u00f3n del Teatre Lliure<\/span><\/p>\n<p>[\/et_pb_text][et_pb_image src=\u00bbhttps:\/\/escenografia.org\/wp-content\/uploads\/2019\/07\/Teatre-Lliure.png\u00bb _builder_version=\u00bb3.25.4&#8243; custom_margin=\u00bb-20px||\u00bb][\/et_pb_image][\/et_pb_column][et_pb_column type=\u00bb1_3&#8243; _builder_version=\u00bb3.25&#8243; custom_padding=\u00bb|||\u00bb custom_padding__hover=\u00bb|||\u00bb][et_pb_text _builder_version=\u00bb3.17.6&#8243; header_2_font=\u00bb|800|||||||\u00bb header_2_text_color=\u00bb#424242&#8243;]<\/p>\n<h2>cont\u00e1ctenos<\/h2>\n<p>[\/et_pb_text][et_pb_blurb use_icon=\u00bbon\u00bb font_icon=\u00bb%%264%%\u00bb icon_color=\u00bb#6d6d6d\u00bb icon_placement=\u00bbleft\u00bb use_icon_font_size=\u00bbon\u00bb icon_font_size=\u00bb22px\u00bb _builder_version=\u00bb3.25.4&#8243; body_font=\u00bb||||||||\u00bb body_text_color=\u00bb#828282&#8243;]<\/p>\n<p><strong>Tel\u00e9fono<span> <\/span>:<\/strong> <span>+ 34 93 289 27 70<\/span> <\/p>\n<p>[\/et_pb_blurb][et_pb_blurb use_icon=\u00bbon\u00bb font_icon=\u00bb%%109%%\u00bb icon_color=\u00bb#6d6d6d\u00bb icon_placement=\u00bbleft\u00bb use_icon_font_size=\u00bbon\u00bb icon_font_size=\u00bb22px\u00bb _builder_version=\u00bb3.25.4&#8243; body_font=\u00bb||||||||\u00bb body_text_color=\u00bb#828282&#8243;]<\/p>\n<p><strong>Email:<span> <\/span><\/strong> <span style=\"color: #808080;\"><a href=\"mailto:escenografs@gmail.com\" style=\"color: #808080;\">escenografs@gmail.com<\/a><\/span><\/p>\n<p>[\/et_pb_blurb][\/et_pb_column][et_pb_column type=\u00bb1_3&#8243; _builder_version=\u00bb3.25&#8243; custom_padding=\u00bb|||\u00bb custom_padding__hover=\u00bb|||\u00bb][et_pb_text _builder_version=\u00bb3.26.3&#8243; header_2_font=\u00bb|800|||||||\u00bb header_2_text_color=\u00bb#424242&#8243;]<\/p>\n<h2>ZONA SOCIOS<\/h2>\n<p>[\/et_pb_text][et_pb_button button_url=\u00bbhttps:\/\/escenografia.org\/es\/zona-de-socios\/\u00bb button_text=\u00bbENTRAR\u00bb _builder_version=\u00bb3.26.3&#8243;][\/et_pb_button][\/et_pb_column][\/et_pb_row][\/et_pb_section]<\/p>\n","protected":false},"excerpt":{"rendered":"<p>MUSEOGRAFIA,\u00a0\u00a0 Pavell\u00f3 de St. Salvador,\u00a0 \u00a0Hospital de la Sta. Creu i St. Pau\u00a0 \u00a0\u00a0Espacio expositivo:\u00a0 IGNASI CRISTI\u00c0\u00a0 \u00a0\u00a0Fotograf\u00eda:\u00a0\u00a0Pepo Segura i Robert RamosAsociaciones Profesionales AAPEE &#8211; Asociaci\u00f3n de Artistas Pl\u00e1sticos Esc\u00e9nicos de Espa\u00f1a. Se cre\u00f3 en el a\u00f1o 2014 con la finalidad de representar a los creadores y art\u00edstas que trabajan en el sector de las [&hellip;]<\/p>\n","protected":false},"author":1,"featured_media":0,"parent":0,"menu_order":0,"comment_status":"closed","ping_status":"closed","template":"","meta":{"_et_pb_use_builder":"on","_et_pb_old_content":"","_et_gb_content_width":"","footnotes":""},"class_list":["post-862","page","type-page","status-publish","hentry"],"yoast_head":"<!-- This site is optimized with the Yoast SEO plugin v26.9 - https:\/\/yoast.com\/product\/yoast-seo-wordpress\/ -->\n<title>Asociaciones Profesionales - Associaci\u00f3 d\u00b4Escen\u00f2grafs de Catalunya<\/title>\n<meta name=\"robots\" content=\"index, follow, max-snippet:-1, max-image-preview:large, max-video-preview:-1\" \/>\n<link rel=\"canonical\" href=\"https:\/\/escenografia.org\/associacions-professionals\/\" \/>\n<meta property=\"og:locale\" content=\"es_ES\" \/>\n<meta property=\"og:type\" content=\"article\" \/>\n<meta property=\"og:title\" content=\"Asociaciones Profesionales - Associaci\u00f3 d\u00b4Escen\u00f2grafs de Catalunya\" \/>\n<meta property=\"og:description\" content=\"MUSEOGRAFIA,\u00a0\u00a0 Pavell\u00f3 de St. Salvador,\u00a0 \u00a0Hospital de la Sta. Creu i St. Pau\u00a0 \u00a0\u00a0Espacio expositivo:\u00a0 IGNASI CRISTI\u00c0\u00a0 \u00a0\u00a0Fotograf\u00eda:\u00a0\u00a0Pepo Segura i Robert RamosAsociaciones Profesionales AAPEE - Asociaci\u00f3n de Artistas Pl\u00e1sticos Esc\u00e9nicos de Espa\u00f1a. Se cre\u00f3 en el a\u00f1o 2014 con la finalidad de representar a los creadores y art\u00edstas que trabajan en el sector de las [&hellip;]\" \/>\n<meta property=\"og:url\" content=\"https:\/\/escenografia.org\/associacions-professionals\/\" \/>\n<meta property=\"og:site_name\" content=\"Associaci\u00f3 d\u00b4Escen\u00f2grafs de Catalunya\" \/>\n<meta property=\"article:modified_time\" content=\"2019-07-23T10:17:14+00:00\" \/>\n<meta name=\"twitter:card\" content=\"summary_large_image\" \/>\n<meta name=\"twitter:label1\" content=\"Tiempo de lectura\" \/>\n\t<meta name=\"twitter:data1\" content=\"7 minutos\" \/>\n<script type=\"application\/ld+json\" class=\"yoast-schema-graph\">{\"@context\":\"https:\/\/schema.org\",\"@graph\":[{\"@type\":\"WebPage\",\"@id\":\"https:\/\/escenografia.org\/associacions-professionals\/\",\"url\":\"https:\/\/escenografia.org\/associacions-professionals\/\",\"name\":\"Asociaciones Profesionales - Associaci\u00f3 d\u00b4Escen\u00f2grafs de Catalunya\",\"isPartOf\":{\"@id\":\"https:\/\/escenografia.org\/#website\"},\"datePublished\":\"2018-11-14T10:31:17+00:00\",\"dateModified\":\"2019-07-23T10:17:14+00:00\",\"breadcrumb\":{\"@id\":\"https:\/\/escenografia.org\/associacions-professionals\/#breadcrumb\"},\"inLanguage\":\"es\",\"potentialAction\":[{\"@type\":\"ReadAction\",\"target\":[\"https:\/\/escenografia.org\/associacions-professionals\/\"]}]},{\"@type\":\"BreadcrumbList\",\"@id\":\"https:\/\/escenografia.org\/associacions-professionals\/#breadcrumb\",\"itemListElement\":[{\"@type\":\"ListItem\",\"position\":1,\"name\":\"Portada\",\"item\":\"https:\/\/escenografia.org\/es\/\"},{\"@type\":\"ListItem\",\"position\":2,\"name\":\"Asociaciones Profesionales\"}]},{\"@type\":\"WebSite\",\"@id\":\"https:\/\/escenografia.org\/#website\",\"url\":\"https:\/\/escenografia.org\/\",\"name\":\"Associaci\u00f3 d\u00b4Escen\u00f2grafs de Catalunya\",\"description\":\"\",\"potentialAction\":[{\"@type\":\"SearchAction\",\"target\":{\"@type\":\"EntryPoint\",\"urlTemplate\":\"https:\/\/escenografia.org\/?s={search_term_string}\"},\"query-input\":{\"@type\":\"PropertyValueSpecification\",\"valueRequired\":true,\"valueName\":\"search_term_string\"}}],\"inLanguage\":\"es\"}]}<\/script>\n<!-- \/ Yoast SEO plugin. -->","yoast_head_json":{"title":"Asociaciones Profesionales - Associaci\u00f3 d\u00b4Escen\u00f2grafs de Catalunya","robots":{"index":"index","follow":"follow","max-snippet":"max-snippet:-1","max-image-preview":"max-image-preview:large","max-video-preview":"max-video-preview:-1"},"canonical":"https:\/\/escenografia.org\/associacions-professionals\/","og_locale":"es_ES","og_type":"article","og_title":"Asociaciones Profesionales - Associaci\u00f3 d\u00b4Escen\u00f2grafs de Catalunya","og_description":"MUSEOGRAFIA,\u00a0\u00a0 Pavell\u00f3 de St. Salvador,\u00a0 \u00a0Hospital de la Sta. Creu i St. Pau\u00a0 \u00a0\u00a0Espacio expositivo:\u00a0 IGNASI CRISTI\u00c0\u00a0 \u00a0\u00a0Fotograf\u00eda:\u00a0\u00a0Pepo Segura i Robert RamosAsociaciones Profesionales AAPEE - Asociaci\u00f3n de Artistas Pl\u00e1sticos Esc\u00e9nicos de Espa\u00f1a. Se cre\u00f3 en el a\u00f1o 2014 con la finalidad de representar a los creadores y art\u00edstas que trabajan en el sector de las [&hellip;]","og_url":"https:\/\/escenografia.org\/associacions-professionals\/","og_site_name":"Associaci\u00f3 d\u00b4Escen\u00f2grafs de Catalunya","article_modified_time":"2019-07-23T10:17:14+00:00","twitter_card":"summary_large_image","twitter_misc":{"Tiempo de lectura":"7 minutos"},"schema":{"@context":"https:\/\/schema.org","@graph":[{"@type":"WebPage","@id":"https:\/\/escenografia.org\/associacions-professionals\/","url":"https:\/\/escenografia.org\/associacions-professionals\/","name":"Asociaciones Profesionales - Associaci\u00f3 d\u00b4Escen\u00f2grafs de Catalunya","isPartOf":{"@id":"https:\/\/escenografia.org\/#website"},"datePublished":"2018-11-14T10:31:17+00:00","dateModified":"2019-07-23T10:17:14+00:00","breadcrumb":{"@id":"https:\/\/escenografia.org\/associacions-professionals\/#breadcrumb"},"inLanguage":"es","potentialAction":[{"@type":"ReadAction","target":["https:\/\/escenografia.org\/associacions-professionals\/"]}]},{"@type":"BreadcrumbList","@id":"https:\/\/escenografia.org\/associacions-professionals\/#breadcrumb","itemListElement":[{"@type":"ListItem","position":1,"name":"Portada","item":"https:\/\/escenografia.org\/es\/"},{"@type":"ListItem","position":2,"name":"Asociaciones Profesionales"}]},{"@type":"WebSite","@id":"https:\/\/escenografia.org\/#website","url":"https:\/\/escenografia.org\/","name":"Associaci\u00f3 d\u00b4Escen\u00f2grafs de Catalunya","description":"","potentialAction":[{"@type":"SearchAction","target":{"@type":"EntryPoint","urlTemplate":"https:\/\/escenografia.org\/?s={search_term_string}"},"query-input":{"@type":"PropertyValueSpecification","valueRequired":true,"valueName":"search_term_string"}}],"inLanguage":"es"}]}},"_links":{"self":[{"href":"https:\/\/escenografia.org\/es\/wp-json\/wp\/v2\/pages\/862","targetHints":{"allow":["GET"]}}],"collection":[{"href":"https:\/\/escenografia.org\/es\/wp-json\/wp\/v2\/pages"}],"about":[{"href":"https:\/\/escenografia.org\/es\/wp-json\/wp\/v2\/types\/page"}],"author":[{"embeddable":true,"href":"https:\/\/escenografia.org\/es\/wp-json\/wp\/v2\/users\/1"}],"replies":[{"embeddable":true,"href":"https:\/\/escenografia.org\/es\/wp-json\/wp\/v2\/comments?post=862"}],"version-history":[{"count":2,"href":"https:\/\/escenografia.org\/es\/wp-json\/wp\/v2\/pages\/862\/revisions"}],"predecessor-version":[{"id":1346,"href":"https:\/\/escenografia.org\/es\/wp-json\/wp\/v2\/pages\/862\/revisions\/1346"}],"wp:attachment":[{"href":"https:\/\/escenografia.org\/es\/wp-json\/wp\/v2\/media?parent=862"}],"curies":[{"name":"wp","href":"https:\/\/api.w.org\/{rel}","templated":true}]}}