{"id":888,"date":"2018-11-14T17:41:34","date_gmt":"2018-11-14T17:41:34","guid":{"rendered":"https:\/\/escenografia.org\/contacto\/"},"modified":"2025-11-13T08:59:21","modified_gmt":"2025-11-13T08:59:21","slug":"contacto","status":"publish","type":"page","link":"https:\/\/escenografia.org\/es\/contacto\/","title":{"rendered":"Contacto"},"content":{"rendered":"<p>[et_pb_section fb_built=\u00bb1&#8243; _builder_version=\u00bb4.16&#8243; custom_padding=\u00bb46px|0px|0|0px|false|false\u00bb global_colors_info=\u00bb{}\u00bb][et_pb_row _builder_version=\u00bb4.16&#8243; width=\u00bb100%\u00bb max_width=\u00bb100%\u00bb custom_margin=\u00bb-40px||\u00bb custom_padding=\u00bb10px|0px|0|0px|false|false\u00bb use_custom_width=\u00bbon\u00bb width_unit=\u00bboff\u00bb custom_width_percent=\u00bb100%\u00bb global_colors_info=\u00bb{}\u00bb][et_pb_column type=\u00bb4_4&#8243; _builder_version=\u00bb4.16&#8243; custom_padding=\u00bb|||\u00bb global_colors_info=\u00bb{}\u00bb custom_padding__hover=\u00bb|||\u00bb][et_pb_slider _builder_version=\u00bb4.16&#8243; header_font=\u00bb||||||||\u00bb body_font=\u00bb||||||||\u00bb custom_margin=\u00bb-15px||0px\u00bb custom_padding=\u00bb||41px|||\u00bb header_font_size_tablet=\u00bb\u00bb header_font_size_phone=\u00bb47px\u00bb header_font_size_last_edited=\u00bbon|desktop\u00bb global_colors_info=\u00bb{}\u00bb][et_pb_slide heading=\u00bbContacto\u00bb use_bg_overlay=\u00bbon\u00bb _builder_version=\u00bb4.16&#8243; header_font=\u00bb||||||||\u00bb header_line_height=\u00bb4em\u00bb background_image=\u00bbhttps:\/\/escenografia.org\/wp-content\/uploads\/2019\/07\/Chicha.jpg\u00bb background_position=\u00bbtop_center\u00bb custom_padding=\u00bb95px||60px\u00bb global_colors_info=\u00bb{}\u00bb sticky_transition=\u00bbon\u00bb][\/et_pb_slide][\/et_pb_slider][\/et_pb_column][\/et_pb_row][et_pb_row _builder_version=\u00bb4.16&#8243; width=\u00bb100%\u00bb max_width=\u00bb100%\u00bb custom_margin=\u00bb-55px|auto|-55px|auto|true|\u00bb custom_padding=\u00bb0px|0px|57px|0px|false|false\u00bb use_custom_width=\u00bbon\u00bb width_unit=\u00bboff\u00bb custom_width_percent=\u00bb100%\u00bb global_colors_info=\u00bb{}\u00bb][et_pb_column type=\u00bb4_4&#8243; _builder_version=\u00bb4.16&#8243; custom_padding=\u00bb|||\u00bb global_colors_info=\u00bb{}\u00bb custom_padding__hover=\u00bb|||\u00bb][et_pb_text _builder_version=\u00bb4.16&#8243; text_font=\u00bb||||||||\u00bb text_text_color=\u00bb#aaaaaa\u00bb text_font_size=\u00bb15px\u00bb header_font=\u00bb||||||||\u00bb background_color=\u00bb#000416&#8243; text_orientation=\u00bbcenter\u00bb custom_margin=\u00bb-2px||40px|||\u00bb custom_padding=\u00bb15px||15px||true\u00bb text_font_size_tablet=\u00bb14px\u00bb text_font_size_phone=\u00bb13px\u00bb text_font_size_last_edited=\u00bbon|desktop\u00bb text_text_align=\u00bbcenter\u00bb global_colors_info=\u00bb{}\u00bb]<\/p>\n<p><strong>Espect\u00e1culo:\u00a0<\/strong> CHICHA MONTENEGRO GALLERY\u00a0 \u00a0<strong> Escenograf\u00eda y Vestuario:\u00a0\u00a0<\/strong>MONTSE Amen\u00f3s\u00a0 \u00a0 I<strong>luminaci\u00f3n: <\/strong>Samantha Lee\u00a0 \u00a0 D<strong>irecci\u00f3n:<\/strong>\u00a0 Carles Santos\u00a0 \u00a0\u00a0<strong>Fotograf\u00eda:\u00a0\u00a0<\/strong>Ros Ribas<\/p>\n<p>[\/et_pb_text][\/et_pb_column][\/et_pb_row][\/et_pb_section][et_pb_section fb_built=\u00bb1&#8243; _builder_version=\u00bb4.16&#8243; global_colors_info=\u00bb{}\u00bb][et_pb_row column_structure=\u00bb1_2,1_2&#8243; _builder_version=\u00bb4.16&#8243; background_size=\u00bbinitial\u00bb background_position=\u00bbtop_left\u00bb background_repeat=\u00bbrepeat\u00bb custom_padding=\u00bb27px|0px|27px|0|false|false\u00bb global_colors_info=\u00bb{}\u00bb][et_pb_column type=\u00bb1_2&#8243; _builder_version=\u00bb4.16&#8243; custom_padding=\u00bb45px|||\u00bb global_colors_info=\u00bb{}\u00bb custom_padding__hover=\u00bb|||\u00bb][et_pb_text _builder_version=\u00bb4.16&#8243; text_font=\u00bb||||||||\u00bb text_text_color=\u00bb#ffffff\u00bb text_font_size=\u00bb16px\u00bb text_line_height=\u00bb1.8em\u00bb header_font=\u00bb||||||||\u00bb header_3_font=\u00bb|600||on|||||\u00bb header_3_text_align=\u00bbcenter\u00bb header_3_text_color=\u00bb#ffffff\u00bb header_3_line_height=\u00bb1.1em\u00bb custom_margin=\u00bb|0px|0px|\u00bb custom_margin_tablet=\u00bb|-35px||\u00bb custom_margin_phone=\u00bb|||0px\u00bb custom_margin_last_edited=\u00bboff|tablet\u00bb text_font_phone=\u00bb||||||||\u00bb text_font_last_edited=\u00bboff|desktop\u00bb text_font_size_tablet=\u00bb\u00bb text_font_size_phone=\u00bb18px\u00bb text_font_size_last_edited=\u00bbon|desktop\u00bb text_line_height_tablet=\u00bb\u00bb text_line_height_phone=\u00bb1.7em\u00bb text_line_height_last_edited=\u00bbon|desktop\u00bb header_font_tablet=\u00bb\u00bb header_font_phone=\u00bb||||||||\u00bb header_font_last_edited=\u00bbon|desktop\u00bb header_text_align_tablet=\u00bb\u00bb header_text_align_phone=\u00bb\u00bb header_text_align_last_edited=\u00bbon|desktop\u00bb header_font_size_tablet=\u00bb\u00bb header_font_size_phone=\u00bb30px\u00bb header_font_size_last_edited=\u00bbon|desktop\u00bb header_3_font_tablet=\u00bb\u00bb header_3_font_phone=\u00bb|700||on|||||\u00bb header_3_font_last_edited=\u00bbon|desktop\u00bb header_3_text_align_tablet=\u00bb\u00bb header_3_text_align_phone=\u00bbcenter\u00bb header_3_text_align_last_edited=\u00bbon|desktop\u00bb header_3_font_size_tablet=\u00bb\u00bb header_3_font_size_phone=\u00bb25px\u00bb header_3_font_size_last_edited=\u00bbon|desktop\u00bb text_orientation_tablet=\u00bb\u00bb text_orientation_phone=\u00bbleft\u00bb text_orientation_last_edited=\u00bbon|desktop\u00bb global_colors_info=\u00bb{}\u00bb text_text_align_last_edited=\u00bbon|desktop\u00bb text_text_color__hover_enabled=\u00bbon\u00bb header_font_size__hover_enabled=\u00bbon\u00bb header_font_size__hover=\u00bb30px\u00bb header_3_font_size__hover_enabled=\u00bbon\u00bb header_3_font_size__hover=\u00bb30px\u00bb text_text_color__hover=\u00bb#ffffff\u00bb]<\/p>\n<div class=\"hover-bio-wrapper\">\n<div class=\"hover-bio\">\n<figure class=\"hover-bio\"><img decoding=\"async\" src=\"https:\/\/escenografia.org\/wp-content\/uploads\/2019\/07\/9-VORONIA-2013.jpg\"><\/p><figcaption>\n<h3>VORONIA<\/h3>\n<p>Escenografia: ENRIC PLANAS<br \/> Iluminaci\u00f3n: Albert Faura<br \/> Cia. La Veronal<br \/> Direcci\u00f3n: Marcos Morau<br \/> Fotograf\u00eda: Edu P\u00e9rez<\/p>\n<\/figcaption><\/figure>\n<\/div>\n<\/div>\n<p>[\/et_pb_text][\/et_pb_column][et_pb_column type=\u00bb1_2&#8243; _builder_version=\u00bb4.16&#8243; custom_padding=\u00bb|||\u00bb global_colors_info=\u00bb{}\u00bb custom_padding__hover=\u00bb|||\u00bb][et_pb_contact_form email=\u00bbescenografs@gmail.com\u00bb title=\u00bbcont\u00e1ctenos\u00bb custom_message=\u00bbMensaje enviado desde el formulario de contacto de la web:  Escenografia.org||et_pb_line_break_holder||||et_pb_line_break_holder||Nombre: %%Nombre%%||et_pb_line_break_holder||Poblaci\u00f3n: %%Poblacion%%||et_pb_line_break_holder||Tel\u00e9fono: %%Telefono%%||et_pb_line_break_holder||Email: %%Email%%||et_pb_line_break_holder||Mensaje: %%Mensaje%%||et_pb_line_break_holder||||et_pb_line_break_holder||Pol\u00edtica de privacidad: %%consentimiento%%||et_pb_line_break_holder||\u00bb success_message=\u00bbTu mensaje ha sido enviado correctamente.\u00bb submit_button_text=\u00bbEnviar\u00bb module_id=\u00bbet_pb_contact_form_0&#8243; _builder_version=\u00bb4.27.4&#8243; _unique_id=\u00bb336bef29-2f3c-4308-9ae9-8f255ef15f31&#8243; hover_enabled=\u00bb0&#8243; global_colors_info=\u00bb{}\u00bb sticky_enabled=\u00bb0&#8243;][et_pb_contact_field field_id=\u00bbNombre\u00bb field_title=\u00bbNombre\u00bb _builder_version=\u00bb4.16&#8243; hover_enabled=\u00bb0&#8243; global_colors_info=\u00bb{}\u00bb sticky_enabled=\u00bb0&#8243;][\/et_pb_contact_field][et_pb_contact_field field_id=\u00bbPoblacion\u00bb field_title=\u00bbPoblaci\u00f3n\u00bb _builder_version=\u00bb4.16&#8243; global_colors_info=\u00bb{}\u00bb][\/et_pb_contact_field][et_pb_contact_field field_id=\u00bbTelefono\u00bb field_title=\u00bbTel\u00e9fono\u00bb _builder_version=\u00bb4.16&#8243; global_colors_info=\u00bb{}\u00bb][\/et_pb_contact_field][et_pb_contact_field field_id=\u00bbEmail\u00bb field_title=\u00bbEmail\u00bb field_type=\u00bbemail\u00bb _builder_version=\u00bb4.16&#8243; global_colors_info=\u00bb{}\u00bb][\/et_pb_contact_field][et_pb_contact_field field_id=\u00bbMensaje\u00bb field_title=\u00bbComentario\u00bb field_type=\u00bbtext\u00bb fullwidth_field=\u00bbon\u00bb _builder_version=\u00bb4.16&#8243; global_colors_info=\u00bb{}\u00bb][\/et_pb_contact_field][et_pb_contact_field field_id=\u00bbconsentimiento\u00bb field_title=\u00bbPol\u00edtica de privacidad\u00bb field_type=\u00bbcheckbox\u00bb checkbox_options=\u00bb%91{%22value%22:%22He leido y acepto la Pol\u00edtica privacidad%22,%22checked%22:0,%22dragID%22:-1,%22link_url%22:%22https:\/\/escenografia.org\/?page_id=3&#038;preview=true%22}%93&#8243; fullwidth_field=\u00bbon\u00bb _builder_version=\u00bb4.16&#8243; link_option_url=\u00bbhttps:\/\/escenografia.org\/?page_id=3&#038;preview=true\u00bb link_option_url_new_window=\u00bbon\u00bb global_colors_info=\u00bb{}\u00bb][\/et_pb_contact_field][\/et_pb_contact_form][et_pb_text _builder_version=\u00bb4.16&#8243; text_font=\u00bb||||||||\u00bb global_colors_info=\u00bb{}\u00bb]<strong>Responsable:<\/strong> <span>Asociaci\u00f3n de Escen\u00f3grafos de Catalu\u00f1a.<br \/>\n<\/span> <strong>Finalidad:<\/strong> <span>recopilaci\u00f3n de datos personales para<br \/>\natender su solicitud.\u00a0 \u00a0 \u00a0 \u00a0<\/span><br \/>\n<strong style=\"font-size: 14px;\">Legitimaci\u00f3n:<\/strong><span style=\"font-size: 14px;\"> <\/span><span style=\"font-size: 14px;\">Consentimiento del interesado.<\/span><span style=\"font-size: 14px;\"><\/span><br \/>\n<strong> Destinatarios:<\/strong> <span>No se ceder\u00e1n datos a terceros, \u00fanicamente en caso de obligaci\u00f3n legal.<br \/>\n<\/span> <strong>Derechos:<\/strong> <span>Acceder, rectificar o eliminar datos, as\u00ed como otros derechos, como se explica en la informaci\u00f3n adicional.<\/span>[\/et_pb_text][\/et_pb_column][\/et_pb_row][\/et_pb_section][et_pb_section fb_built=\u00bb1&#8243; _builder_version=\u00bb4.27.4&#8243; background_color=\u00bb#171717&#8243; custom_padding=\u00bb||0px||false|false\u00bb global_module=\u00bb1276&#8243; saved_tabs=\u00bball\u00bb global_colors_info=\u00bb{}\u00bb][et_pb_row column_structure=\u00bb1_3,1_3,1_3&#8243; _builder_version=\u00bb4.27.4&#8243; border_width_bottom=\u00bb1px\u00bb global_colors_info=\u00bb{}\u00bb][et_pb_column type=\u00bb1_3&#8243; _builder_version=\u00bb4.16&#8243; custom_padding=\u00bb|||\u00bb global_colors_info=\u00bb{}\u00bb custom_padding__hover=\u00bb|||\u00bb][et_pb_text _builder_version=\u00bb4.27.4&#8243; text_font=\u00bb|600|||||||\u00bb header_2_font=\u00bb|600|||||||\u00bb header_2_text_color=\u00bb#5E5E5E\u00bb background_enable_color=\u00bboff\u00bb custom_margin=\u00bb||10px||false|false\u00bb global_colors_info=\u00bb{}\u00bb]<\/p>\n<h2>LOCALITZACI\u00d3<\/h2>\n<p>[\/et_pb_text][et_pb_text _builder_version=\u00bb4.27.4&#8243; text_font=\u00bb|600|||||||\u00bb text_text_color=\u00bb#5E5E5E\u00bb background_enable_color=\u00bboff\u00bb custom_margin=\u00bb30px||10px||false|false\u00bb global_colors_info=\u00bb{}\u00bb]<\/p>\n<p>Teatre LLiure.<br \/>Pla\u00e7a Margarita Xirgu,1-08004-Barcelona<\/p>\n<p>[\/et_pb_text][et_pb_text _builder_version=\u00bb4.27.4&#8243; text_font=\u00bb|600|||||||\u00bb text_text_color=\u00bb#5E5E5E\u00bb background_enable_color=\u00bboff\u00bb custom_margin=\u00bb30px||20px||false|false\u00bb global_colors_info=\u00bb{}\u00bb]<\/p>\n<p><span style=\"color: #808080;\">Amb la col.laboraci\u00f3 del Teatre Lliure<\/span><\/p>\n<p>[\/et_pb_text][et_pb_image src=\u00bbhttps:\/\/escenografia.org\/wp-content\/uploads\/2019\/07\/Teatre-Lliure.png\u00bb _builder_version=\u00bb4.27.4&#8243; global_colors_info=\u00bb{}\u00bb][\/et_pb_image][\/et_pb_column][et_pb_column type=\u00bb1_3&#8243; _builder_version=\u00bb4.16&#8243; custom_padding=\u00bb|||\u00bb global_colors_info=\u00bb{}\u00bb custom_padding__hover=\u00bb|||\u00bb][et_pb_text _builder_version=\u00bb4.27.4&#8243; text_font=\u00bb|600|||||||\u00bb header_2_font=\u00bb|600|||||||\u00bb header_2_text_color=\u00bb#5E5E5E\u00bb background_enable_color=\u00bboff\u00bb custom_margin=\u00bb||10px||false|false\u00bb global_colors_info=\u00bb{}\u00bb]<\/p>\n<h2>CONTACTA AMB NOSALTRES<\/h2>\n<p>[\/et_pb_text][et_pb_blurb use_icon=\u00bbon\u00bb font_icon=\u00bb&#xe090;||divi||400&#8243; icon_color=\u00bb#6d6d6d\u00bb icon_placement=\u00bbleft\u00bb image_icon_width=\u00bb22px\u00bb _builder_version=\u00bb4.27.4&#8243; body_font=\u00bb||||||||\u00bb body_text_color=\u00bb#828282&#8243; custom_margin=\u00bb30px||||false|false\u00bb icon_font_size=\u00bb22px\u00bb global_colors_info=\u00bb{}\u00bb]<\/p>\n<p><strong>Tel\u00e8fon:<span>\u00a0<\/span><\/strong><span>+34 93 289 27 70 <\/span><\/p>\n<p>[\/et_pb_blurb][et_pb_blurb use_icon=\u00bbon\u00bb font_icon=\u00bb&#xe010;||divi||400&#8243; icon_color=\u00bb#6d6d6d\u00bb icon_placement=\u00bbleft\u00bb image_icon_width=\u00bb22px\u00bb _builder_version=\u00bb4.16&#8243; body_font=\u00bb||||||||\u00bb body_text_color=\u00bb#828282&#8243; icon_font_size=\u00bb22px\u00bb global_colors_info=\u00bb{}\u00bb]<\/p>\n<p><strong>Email:<span>\u00a0<\/span><\/strong><span style=\"color: #808080;\"><a href=\"mailto:escenografs@gmail.com\" style=\"color: #808080;\">escenografs@gmail.com<\/a><\/span><\/p>\n<p>[\/et_pb_blurb][\/et_pb_column][et_pb_column type=\u00bb1_3&#8243; _builder_version=\u00bb4.16&#8243; custom_padding=\u00bb|||\u00bb global_colors_info=\u00bb{}\u00bb custom_padding__hover=\u00bb|||\u00bb][et_pb_text _builder_version=\u00bb4.27.4&#8243; text_font=\u00bb|600|||||||\u00bb header_2_font=\u00bb|600|||||||\u00bb header_2_text_color=\u00bb#5E5E5E\u00bb background_enable_color=\u00bboff\u00bb custom_margin=\u00bb||10px||false|false\u00bb global_colors_info=\u00bb{}\u00bb]<\/p>\n<h2>ZONA SOCIS<\/h2>\n<p>[\/et_pb_text][et_pb_button button_url=\u00bbhttps:\/\/escenografia.org\/es\/zona-de-socios\/\u00bb button_text=\u00bbENTRAR\u00bb _builder_version=\u00bb4.27.4&#8243; custom_button=\u00bbon\u00bb button_text_color=\u00bb#5e5e5e\u00bb custom_margin=\u00bb30px||||false|false\u00bb global_colors_info=\u00bb{}\u00bb][\/et_pb_button][\/et_pb_column][\/et_pb_row][\/et_pb_section]<\/p>\n","protected":false},"excerpt":{"rendered":"<p>Espect\u00e1culo:\u00a0 CHICHA MONTENEGRO GALLERY\u00a0 \u00a0 Escenograf\u00eda y Vestuario:\u00a0\u00a0MONTSE Amen\u00f3s\u00a0 \u00a0 Iluminaci\u00f3n: Samantha Lee\u00a0 \u00a0 Direcci\u00f3n:\u00a0 Carles Santos\u00a0 \u00a0\u00a0Fotograf\u00eda:\u00a0\u00a0Ros Ribas VORONIA Escenografia: ENRIC PLANAS Iluminaci\u00f3n: Albert Faura Cia. La Veronal Direcci\u00f3n: Marcos Morau Fotograf\u00eda: Edu P\u00e9rez Responsable: Asociaci\u00f3n de Escen\u00f3grafos de Catalu\u00f1a. Finalidad: recopilaci\u00f3n de datos personales para atender su solicitud.\u00a0 \u00a0 \u00a0 \u00a0 Legitimaci\u00f3n: Consentimiento [&hellip;]<\/p>\n","protected":false},"author":1,"featured_media":0,"parent":0,"menu_order":0,"comment_status":"closed","ping_status":"closed","template":"","meta":{"_et_pb_use_builder":"on","_et_pb_old_content":"","_et_gb_content_width":"","footnotes":""},"class_list":["post-888","page","type-page","status-publish","hentry"],"yoast_head":"<!-- This site is optimized with the Yoast SEO plugin v26.9 - https:\/\/yoast.com\/product\/yoast-seo-wordpress\/ -->\n<title>Contacto - Associaci\u00f3 d\u00b4Escen\u00f2grafs de Catalunya<\/title>\n<meta name=\"robots\" content=\"index, follow, max-snippet:-1, max-image-preview:large, max-video-preview:-1\" \/>\n<link rel=\"canonical\" href=\"https:\/\/escenografia.org\/contacte\/\" \/>\n<meta property=\"og:locale\" content=\"es_ES\" \/>\n<meta property=\"og:type\" content=\"article\" \/>\n<meta property=\"og:title\" content=\"Contacto - Associaci\u00f3 d\u00b4Escen\u00f2grafs de Catalunya\" \/>\n<meta property=\"og:description\" content=\"Espect\u00e1culo:\u00a0 CHICHA MONTENEGRO GALLERY\u00a0 \u00a0 Escenograf\u00eda y Vestuario:\u00a0\u00a0MONTSE Amen\u00f3s\u00a0 \u00a0 Iluminaci\u00f3n: Samantha Lee\u00a0 \u00a0 Direcci\u00f3n:\u00a0 Carles Santos\u00a0 \u00a0\u00a0Fotograf\u00eda:\u00a0\u00a0Ros Ribas VORONIA Escenografia: ENRIC PLANAS Iluminaci\u00f3n: Albert Faura Cia. La Veronal Direcci\u00f3n: Marcos Morau Fotograf\u00eda: Edu P\u00e9rez Responsable: Asociaci\u00f3n de Escen\u00f3grafos de Catalu\u00f1a. Finalidad: recopilaci\u00f3n de datos personales para atender su solicitud.\u00a0 \u00a0 \u00a0 \u00a0 Legitimaci\u00f3n: Consentimiento [&hellip;]\" \/>\n<meta property=\"og:url\" content=\"https:\/\/escenografia.org\/contacte\/\" \/>\n<meta property=\"og:site_name\" content=\"Associaci\u00f3 d\u00b4Escen\u00f2grafs de Catalunya\" \/>\n<meta property=\"article:modified_time\" content=\"2025-11-13T08:59:21+00:00\" \/>\n<meta property=\"og:image\" content=\"https:\/\/escenografia.org\/wp-content\/uploads\/2019\/07\/9-VORONIA-2013.jpg\" \/>\n<meta name=\"twitter:card\" content=\"summary_large_image\" \/>\n<meta name=\"twitter:label1\" content=\"Tiempo de lectura\" \/>\n\t<meta name=\"twitter:data1\" content=\"7 minutos\" \/>\n<script type=\"application\/ld+json\" class=\"yoast-schema-graph\">{\"@context\":\"https:\/\/schema.org\",\"@graph\":[{\"@type\":\"WebPage\",\"@id\":\"https:\/\/escenografia.org\/contacte\/\",\"url\":\"https:\/\/escenografia.org\/contacte\/\",\"name\":\"Contacto - Associaci\u00f3 d\u00b4Escen\u00f2grafs de Catalunya\",\"isPartOf\":{\"@id\":\"https:\/\/escenografia.org\/#website\"},\"primaryImageOfPage\":{\"@id\":\"https:\/\/escenografia.org\/contacte\/#primaryimage\"},\"image\":{\"@id\":\"https:\/\/escenografia.org\/contacte\/#primaryimage\"},\"thumbnailUrl\":\"https:\/\/escenografia.org\/wp-content\/uploads\/2019\/07\/9-VORONIA-2013.jpg\",\"datePublished\":\"2018-11-14T17:41:34+00:00\",\"dateModified\":\"2025-11-13T08:59:21+00:00\",\"breadcrumb\":{\"@id\":\"https:\/\/escenografia.org\/contacte\/#breadcrumb\"},\"inLanguage\":\"es\",\"potentialAction\":[{\"@type\":\"ReadAction\",\"target\":[\"https:\/\/escenografia.org\/contacte\/\"]}]},{\"@type\":\"ImageObject\",\"inLanguage\":\"es\",\"@id\":\"https:\/\/escenografia.org\/contacte\/#primaryimage\",\"url\":\"https:\/\/escenografia.org\/wp-content\/uploads\/2019\/07\/9-VORONIA-2013.jpg\",\"contentUrl\":\"https:\/\/escenografia.org\/wp-content\/uploads\/2019\/07\/9-VORONIA-2013.jpg\"},{\"@type\":\"BreadcrumbList\",\"@id\":\"https:\/\/escenografia.org\/contacte\/#breadcrumb\",\"itemListElement\":[{\"@type\":\"ListItem\",\"position\":1,\"name\":\"Portada\",\"item\":\"https:\/\/escenografia.org\/es\/\"},{\"@type\":\"ListItem\",\"position\":2,\"name\":\"Contacto\"}]},{\"@type\":\"WebSite\",\"@id\":\"https:\/\/escenografia.org\/#website\",\"url\":\"https:\/\/escenografia.org\/\",\"name\":\"Associaci\u00f3 d\u00b4Escen\u00f2grafs de Catalunya\",\"description\":\"\",\"potentialAction\":[{\"@type\":\"SearchAction\",\"target\":{\"@type\":\"EntryPoint\",\"urlTemplate\":\"https:\/\/escenografia.org\/?s={search_term_string}\"},\"query-input\":{\"@type\":\"PropertyValueSpecification\",\"valueRequired\":true,\"valueName\":\"search_term_string\"}}],\"inLanguage\":\"es\"}]}<\/script>\n<!-- \/ Yoast SEO plugin. -->","yoast_head_json":{"title":"Contacto - Associaci\u00f3 d\u00b4Escen\u00f2grafs de Catalunya","robots":{"index":"index","follow":"follow","max-snippet":"max-snippet:-1","max-image-preview":"max-image-preview:large","max-video-preview":"max-video-preview:-1"},"canonical":"https:\/\/escenografia.org\/contacte\/","og_locale":"es_ES","og_type":"article","og_title":"Contacto - Associaci\u00f3 d\u00b4Escen\u00f2grafs de Catalunya","og_description":"Espect\u00e1culo:\u00a0 CHICHA MONTENEGRO GALLERY\u00a0 \u00a0 Escenograf\u00eda y Vestuario:\u00a0\u00a0MONTSE Amen\u00f3s\u00a0 \u00a0 Iluminaci\u00f3n: Samantha Lee\u00a0 \u00a0 Direcci\u00f3n:\u00a0 Carles Santos\u00a0 \u00a0\u00a0Fotograf\u00eda:\u00a0\u00a0Ros Ribas VORONIA Escenografia: ENRIC PLANAS Iluminaci\u00f3n: Albert Faura Cia. La Veronal Direcci\u00f3n: Marcos Morau Fotograf\u00eda: Edu P\u00e9rez Responsable: Asociaci\u00f3n de Escen\u00f3grafos de Catalu\u00f1a. Finalidad: recopilaci\u00f3n de datos personales para atender su solicitud.\u00a0 \u00a0 \u00a0 \u00a0 Legitimaci\u00f3n: Consentimiento [&hellip;]","og_url":"https:\/\/escenografia.org\/contacte\/","og_site_name":"Associaci\u00f3 d\u00b4Escen\u00f2grafs de Catalunya","article_modified_time":"2025-11-13T08:59:21+00:00","og_image":[{"url":"https:\/\/escenografia.org\/wp-content\/uploads\/2019\/07\/9-VORONIA-2013.jpg","type":"","width":"","height":""}],"twitter_card":"summary_large_image","twitter_misc":{"Tiempo de lectura":"7 minutos"},"schema":{"@context":"https:\/\/schema.org","@graph":[{"@type":"WebPage","@id":"https:\/\/escenografia.org\/contacte\/","url":"https:\/\/escenografia.org\/contacte\/","name":"Contacto - Associaci\u00f3 d\u00b4Escen\u00f2grafs de Catalunya","isPartOf":{"@id":"https:\/\/escenografia.org\/#website"},"primaryImageOfPage":{"@id":"https:\/\/escenografia.org\/contacte\/#primaryimage"},"image":{"@id":"https:\/\/escenografia.org\/contacte\/#primaryimage"},"thumbnailUrl":"https:\/\/escenografia.org\/wp-content\/uploads\/2019\/07\/9-VORONIA-2013.jpg","datePublished":"2018-11-14T17:41:34+00:00","dateModified":"2025-11-13T08:59:21+00:00","breadcrumb":{"@id":"https:\/\/escenografia.org\/contacte\/#breadcrumb"},"inLanguage":"es","potentialAction":[{"@type":"ReadAction","target":["https:\/\/escenografia.org\/contacte\/"]}]},{"@type":"ImageObject","inLanguage":"es","@id":"https:\/\/escenografia.org\/contacte\/#primaryimage","url":"https:\/\/escenografia.org\/wp-content\/uploads\/2019\/07\/9-VORONIA-2013.jpg","contentUrl":"https:\/\/escenografia.org\/wp-content\/uploads\/2019\/07\/9-VORONIA-2013.jpg"},{"@type":"BreadcrumbList","@id":"https:\/\/escenografia.org\/contacte\/#breadcrumb","itemListElement":[{"@type":"ListItem","position":1,"name":"Portada","item":"https:\/\/escenografia.org\/es\/"},{"@type":"ListItem","position":2,"name":"Contacto"}]},{"@type":"WebSite","@id":"https:\/\/escenografia.org\/#website","url":"https:\/\/escenografia.org\/","name":"Associaci\u00f3 d\u00b4Escen\u00f2grafs de Catalunya","description":"","potentialAction":[{"@type":"SearchAction","target":{"@type":"EntryPoint","urlTemplate":"https:\/\/escenografia.org\/?s={search_term_string}"},"query-input":{"@type":"PropertyValueSpecification","valueRequired":true,"valueName":"search_term_string"}}],"inLanguage":"es"}]}},"_links":{"self":[{"href":"https:\/\/escenografia.org\/es\/wp-json\/wp\/v2\/pages\/888","targetHints":{"allow":["GET"]}}],"collection":[{"href":"https:\/\/escenografia.org\/es\/wp-json\/wp\/v2\/pages"}],"about":[{"href":"https:\/\/escenografia.org\/es\/wp-json\/wp\/v2\/types\/page"}],"author":[{"embeddable":true,"href":"https:\/\/escenografia.org\/es\/wp-json\/wp\/v2\/users\/1"}],"replies":[{"embeddable":true,"href":"https:\/\/escenografia.org\/es\/wp-json\/wp\/v2\/comments?post=888"}],"version-history":[{"count":5,"href":"https:\/\/escenografia.org\/es\/wp-json\/wp\/v2\/pages\/888\/revisions"}],"predecessor-version":[{"id":9746733,"href":"https:\/\/escenografia.org\/es\/wp-json\/wp\/v2\/pages\/888\/revisions\/9746733"}],"wp:attachment":[{"href":"https:\/\/escenografia.org\/es\/wp-json\/wp\/v2\/media?parent=888"}],"curies":[{"name":"wp","href":"https:\/\/api.w.org\/{rel}","templated":true}]}}