{"id":894,"date":"2018-11-14T15:57:28","date_gmt":"2018-11-14T15:57:28","guid":{"rendered":"https:\/\/escenografia.org\/documentacion\/"},"modified":"2019-07-23T10:26:05","modified_gmt":"2019-07-23T10:26:05","slug":"documentacion","status":"publish","type":"page","link":"https:\/\/escenografia.org\/es\/documentacion\/","title":{"rendered":"Documentaci\u00f3n"},"content":{"rendered":"<p>[et_pb_section fb_built=\u00bb1&#8243; _builder_version=\u00bb3.22.3&#8243; custom_padding=\u00bb54px|0px|0|0px|false|false\u00bb][et_pb_row custom_padding=\u00bb0px|0px|0px|0px|true|false\u00bb custom_margin=\u00bb-40px||\u00bb _builder_version=\u00bb3.25.4&#8243; width=\u00bb100%\u00bb max_width=\u00bb100%\u00bb use_custom_width=\u00bbon\u00bb width_unit=\u00bboff\u00bb custom_width_percent=\u00bb100%\u00bb][et_pb_column type=\u00bb4_4&#8243; _builder_version=\u00bb3.25&#8243; custom_padding=\u00bb|||\u00bb custom_padding__hover=\u00bb|||\u00bb][et_pb_slider _builder_version=\u00bb3.25.4&#8243; header_font=\u00bb||||||||\u00bb body_font=\u00bb||||||||\u00bb custom_button=\u00bbon\u00bb button_font=\u00bb||||||||\u00bb button_custom_margin=\u00bb||30px\u00bb custom_margin=\u00bb-11px||0px\u00bb custom_padding=\u00bb||0px|||\u00bb custom_padding_phone=\u00bb0px||\u00bb custom_padding_last_edited=\u00bbon|desktop\u00bb header_font_last_edited=\u00bbon|desktop\u00bb header_font_size_phone=\u00bb40px\u00bb header_font_size_last_edited=\u00bbon|desktop\u00bb][et_pb_slide heading=\u00bbDocumentaci\u00f3n\u00bb button_text=\u00bbContacto\u00bb button_link=\u00bbhttps:\/\/escenografia.org\/es\/contacto\/\u00bb use_bg_overlay=\u00bbon\u00bb _builder_version=\u00bb3.25.4&#8243; header_font=\u00bb||||||||\u00bb header_font_size=\u00bb40px\u00bb header_line_height=\u00bb2em\u00bb background_image=\u00bbhttps:\/\/escenografia.org\/wp-content\/uploads\/2019\/07\/Castells-i-Planas.jpg\u00bb background_position=\u00bbtop_center\u00bb custom_padding=\u00bb200px||270px||false\u00bb custom_padding_phone=\u00bb0px||0px|\u00bb custom_padding_last_edited=\u00bbon|phone\u00bb background_last_edited=\u00bbon|phone\u00bb][\/et_pb_slide][\/et_pb_slider][\/et_pb_column][\/et_pb_row][et_pb_row custom_padding=\u00bb0px|0px|57px|0px|false|false\u00bb custom_margin=\u00bb-55px|auto|-55px|auto|true|\u00bb _builder_version=\u00bb3.25&#8243; width=\u00bb100%\u00bb max_width=\u00bb100%\u00bb use_custom_width=\u00bbon\u00bb width_unit=\u00bboff\u00bb custom_width_percent=\u00bb100%\u00bb][et_pb_column type=\u00bb4_4&#8243; _builder_version=\u00bb3.25&#8243; custom_padding=\u00bb|||\u00bb custom_padding__hover=\u00bb|||\u00bb][et_pb_text _builder_version=\u00bb3.26.3&#8243; text_font=\u00bb||||||||\u00bb text_text_align=\u00bbcenter\u00bb text_text_color=\u00bb#aaaaaa\u00bb text_font_size=\u00bb15px\u00bb header_font=\u00bb||||||||\u00bb background_color=\u00bb#871d16&#8243; custom_margin=\u00bb-2px||40px|||\u00bb custom_padding=\u00bb15px||15px||true\u00bb filter_brightness=\u00bb118%\u00bb text_font_size_tablet=\u00bb14px\u00bb text_font_size_phone=\u00bb13px\u00bb text_font_size_last_edited=\u00bbon|desktop\u00bb]<\/p>\n<p><strong>Escenograf\u00eda:<\/strong>\u00a0 JOSEP i JORDI CASTELLS I PLANAS\u00a0 \u00a0 \u00a0<strong>Fotograf\u00eda:\u00a0\u00a0<\/strong>V\u00edctor Moreno<\/p>\n<p>[\/et_pb_text][\/et_pb_column][\/et_pb_row][\/et_pb_section][et_pb_section fb_built=\u00bb1&#8243; custom_padding_last_edited=\u00bbon|desktop\u00bb _builder_version=\u00bb3.25.4&#8243; custom_margin_last_edited=\u00bbon|phone\u00bb custom_padding_phone=\u00bb0px||\u00bb][et_pb_row column_structure=\u00bb1_3,2_3&#8243; _builder_version=\u00bb3.25&#8243; background_size=\u00bbinitial\u00bb background_position=\u00bbtop_left\u00bb background_repeat=\u00bbrepeat\u00bb][et_pb_column type=\u00bb1_3&#8243; _builder_version=\u00bb3.25&#8243; custom_padding=\u00bb|||\u00bb custom_padding__hover=\u00bb|||\u00bb][et_pb_blurb title=\u00bbLibros\u00bb _builder_version=\u00bb3.25.4&#8243; header_font=\u00bb|600|||||||\u00bb header_font_size=\u00bb25px\u00bb]<\/p>\n<p>[\/et_pb_blurb][\/et_pb_column][et_pb_column type=\u00bb2_3&#8243; _builder_version=\u00bb3.25&#8243; custom_padding=\u00bb|||\u00bb custom_padding__hover=\u00bb|||\u00bb][\/et_pb_column][\/et_pb_row][et_pb_row column_structure=\u00bb1_3,2_3&#8243; custom_padding_phone=\u00bb0px||0px\u00bb custom_margin=\u00bb0px||\u00bb custom_padding_last_edited=\u00bbon|phone\u00bb _builder_version=\u00bb3.25.4&#8243; background_size=\u00bbinitial\u00bb background_position=\u00bbtop_left\u00bb background_repeat=\u00bbrepeat\u00bb custom_margin_phone=\u00bb0px||\u00bb custom_margin_last_edited=\u00bbon|desktop\u00bb][et_pb_column type=\u00bb1_3&#8243; _builder_version=\u00bb3.25&#8243; custom_padding=\u00bb|||\u00bb custom_padding__hover=\u00bb|||\u00bb][et_pb_image src=\u00bbhttps:\/\/escenografia.org\/wp-content\/uploads\/2018\/11\/llibre-castell-i-planas.jpeg\u00bb align_tablet=\u00bbcenter\u00bb align_last_edited=\u00bbon|desktop\u00bb _builder_version=\u00bb3.23&#8243; max_width=\u00bb48%\u00bb]<\/p>\n<p>[\/et_pb_image][\/et_pb_column][et_pb_column type=\u00bb2_3&#8243; _builder_version=\u00bb3.25&#8243; custom_padding=\u00bb|||\u00bb custom_padding__hover=\u00bb|||\u00bb][et_pb_text _builder_version=\u00bb3.17.6&#8243;]<\/p>\n<p><span style=\"color: #ff0000\">Castells i Planas.<\/span> Libro sobre la trayectoria de los hermanos Castells y Planas en Cardedeu<br \/>Escrito por Dami\u00e1 Barbany y editado por Arola Editors<\/p>\n<p>[\/et_pb_text][\/et_pb_column][\/et_pb_row][et_pb_row column_structure=\u00bb1_3,2_3&#8243; _builder_version=\u00bb3.25&#8243; background_size=\u00bbinitial\u00bb background_position=\u00bbtop_left\u00bb background_repeat=\u00bbrepeat\u00bb][et_pb_column type=\u00bb1_3&#8243; _builder_version=\u00bb3.25&#8243; custom_padding=\u00bb|||\u00bb custom_padding__hover=\u00bb|||\u00bb][et_pb_image src=\u00bbhttps:\/\/escenografia.org\/wp-content\/uploads\/2018\/11\/Teatre-Mededieval.jpg\u00bb align_tablet=\u00bbcenter\u00bb align_last_edited=\u00bbon|desktop\u00bb _builder_version=\u00bb3.23&#8243; max_width=\u00bb48%\u00bb]<\/p>\n<p>[\/et_pb_image][\/et_pb_column][et_pb_column type=\u00bb2_3&#8243; _builder_version=\u00bb3.25&#8243; custom_padding=\u00bb|||\u00bb custom_padding__hover=\u00bb|||\u00bb][et_pb_text _builder_version=\u00bb3.17.6&#8243;]<\/p>\n<p><span style=\"color: #ff6600\">Historia de las Artes Esc\u00e9nicas (HAEC),<\/span> el primer volumen dedicado al teatro medieval.<\/p>\n<p>La teatralidad medieval y su supervivencia, de Francesc Massip y Lenke Kov\u00e1cs, es el primer volumen de la historia de las Artes Esc\u00e9nicas de Catalu\u00f1a (HAEC), proyecto que publica la coedici\u00f3n del Institut del Teatre y Edicions de la Universidad de Barcelona, y que Incluir\u00e1 cinco vol\u00famenes dedicados al an\u00e1lisis de todas las \u00e1reas relacionadas con la realidad esc\u00e9nica de los pa\u00edses catalanes.<\/p>\n<p>[\/et_pb_text][\/et_pb_column][\/et_pb_row][et_pb_row column_structure=\u00bb1_3,2_3&#8243; _builder_version=\u00bb3.25&#8243; background_size=\u00bbinitial\u00bb background_position=\u00bbtop_left\u00bb background_repeat=\u00bbrepeat\u00bb][et_pb_column type=\u00bb1_3&#8243; _builder_version=\u00bb3.25&#8243; custom_padding=\u00bb|||\u00bb custom_padding__hover=\u00bb|||\u00bb][et_pb_image src=\u00bbhttps:\/\/escenografia.org\/wp-content\/uploads\/2018\/11\/retrat-pericot-llibre.jpg\u00bb align_tablet=\u00bbcenter\u00bb align_last_edited=\u00bbon|desktop\u00bb _builder_version=\u00bb3.23&#8243; max_width=\u00bb48%\u00bb]<\/p>\n<p>[\/et_pb_image][\/et_pb_column][et_pb_column type=\u00bb2_3&#8243; _builder_version=\u00bb3.25&#8243; custom_padding=\u00bb|||\u00bb custom_padding__hover=\u00bb|||\u00bb][et_pb_text _builder_version=\u00bb3.17.6&#8243;]<\/p>\n<p><span style=\"color: #339966;\">\u00a0Iago Pericot &#8211; la libertad\u00a0de crear y vivir.<\/span>\u00a0 Escrito por Guillem-Jordi Graells y publicado por el Institut del Teatre.<\/p>\n<p>Este es el primer volumen de una colecci\u00f3n llamada \u00abConversaciones\u00bb<\/p>\n<p>[\/et_pb_text][\/et_pb_column][\/et_pb_row][\/et_pb_section][et_pb_section fb_built=\u00bb1&#8243; _builder_version=\u00bb3.17.6&#8243; background_color=\u00bb#171717&#8243; global_module=\u00bb1276&#8243; saved_tabs=\u00bball\u00bb][et_pb_row column_structure=\u00bb1_3,1_3,1_3&#8243; _builder_version=\u00bb3.25&#8243;][et_pb_column type=\u00bb1_3&#8243; _builder_version=\u00bb3.25&#8243; custom_padding=\u00bb|||\u00bb custom_padding__hover=\u00bb|||\u00bb][et_pb_text _builder_version=\u00bb3.25.4&#8243; header_2_font=\u00bb|800|||||||\u00bb header_2_text_color=\u00bb#424242&#8243;]<\/p>\n<h2>Ubicaci\u00f3n<\/h2>\n<p>[\/et_pb_text][et_pb_text _builder_version=\u00bb3.25.4&#8243; text_font=\u00bb||||||||\u00bb text_text_color=\u00bb#828282&#8243;]<\/p>\n<p>Teatre LLiure.<br \/>Plaza Margarita Xirgu, 1-08004-Barcelona<\/p>\n<p>&nbsp;<\/p>\n<p>[\/et_pb_text][et_pb_text _builder_version=\u00bb3.25.4&#8243; custom_margin=\u00bb-15px||\u00bb]<\/p>\n<p><span style=\"color: #808080;\">Con la colaboraci\u00f3n del Teatre Lliure<\/span><\/p>\n<p>[\/et_pb_text][et_pb_image src=\u00bbhttps:\/\/escenografia.org\/wp-content\/uploads\/2019\/07\/Teatre-Lliure.png\u00bb _builder_version=\u00bb3.25.4&#8243; custom_margin=\u00bb-20px||\u00bb][\/et_pb_image][\/et_pb_column][et_pb_column type=\u00bb1_3&#8243; _builder_version=\u00bb3.25&#8243; custom_padding=\u00bb|||\u00bb custom_padding__hover=\u00bb|||\u00bb][et_pb_text _builder_version=\u00bb3.17.6&#8243; header_2_font=\u00bb|800|||||||\u00bb header_2_text_color=\u00bb#424242&#8243;]<\/p>\n<h2>cont\u00e1ctenos<\/h2>\n<p>[\/et_pb_text][et_pb_blurb use_icon=\u00bbon\u00bb font_icon=\u00bb%%264%%\u00bb icon_color=\u00bb#6d6d6d\u00bb icon_placement=\u00bbleft\u00bb use_icon_font_size=\u00bbon\u00bb icon_font_size=\u00bb22px\u00bb _builder_version=\u00bb3.25.4&#8243; body_font=\u00bb||||||||\u00bb body_text_color=\u00bb#828282&#8243;]<\/p>\n<p><strong>Tel\u00e9fono<span> <\/span>:<\/strong> <span>+ 34 93 289 27 70<\/span> <\/p>\n<p>[\/et_pb_blurb][et_pb_blurb use_icon=\u00bbon\u00bb font_icon=\u00bb%%109%%\u00bb icon_color=\u00bb#6d6d6d\u00bb icon_placement=\u00bbleft\u00bb use_icon_font_size=\u00bbon\u00bb icon_font_size=\u00bb22px\u00bb _builder_version=\u00bb3.25.4&#8243; body_font=\u00bb||||||||\u00bb body_text_color=\u00bb#828282&#8243;]<\/p>\n<p><strong>Email:<span> <\/span><\/strong> <span style=\"color: #808080;\"><a href=\"mailto:escenografs@gmail.com\" style=\"color: #808080;\">escenografs@gmail.com<\/a><\/span><\/p>\n<p>[\/et_pb_blurb][\/et_pb_column][et_pb_column type=\u00bb1_3&#8243; _builder_version=\u00bb3.25&#8243; custom_padding=\u00bb|||\u00bb custom_padding__hover=\u00bb|||\u00bb][et_pb_text _builder_version=\u00bb3.26.3&#8243; header_2_font=\u00bb|800|||||||\u00bb header_2_text_color=\u00bb#424242&#8243;]<\/p>\n<h2>ZONA SOCIOS<\/h2>\n<p>[\/et_pb_text][et_pb_button button_url=\u00bbhttps:\/\/escenografia.org\/es\/zona-de-socios\/\u00bb button_text=\u00bbENTRAR\u00bb _builder_version=\u00bb3.26.3&#8243;][\/et_pb_button][\/et_pb_column][\/et_pb_row][\/et_pb_section]<\/p>\n","protected":false},"excerpt":{"rendered":"<p>Escenograf\u00eda:\u00a0 JOSEP i JORDI CASTELLS I PLANAS\u00a0 \u00a0 \u00a0Fotograf\u00eda:\u00a0\u00a0V\u00edctor Moreno Castells i Planas. Libro sobre la trayectoria de los hermanos Castells y Planas en CardedeuEscrito por Dami\u00e1 Barbany y editado por Arola Editors Historia de las Artes Esc\u00e9nicas (HAEC), el primer volumen dedicado al teatro medieval. La teatralidad medieval y su supervivencia, de Francesc Massip [&hellip;]<\/p>\n","protected":false},"author":1,"featured_media":0,"parent":0,"menu_order":0,"comment_status":"closed","ping_status":"closed","template":"","meta":{"_et_pb_use_builder":"on","_et_pb_old_content":"","_et_gb_content_width":"","footnotes":""},"class_list":["post-894","page","type-page","status-publish","hentry"],"yoast_head":"<!-- This site is optimized with the Yoast SEO plugin v26.9 - https:\/\/yoast.com\/product\/yoast-seo-wordpress\/ -->\n<title>Documentaci\u00f3n - Associaci\u00f3 d\u00b4Escen\u00f2grafs de Catalunya<\/title>\n<meta name=\"robots\" content=\"index, follow, max-snippet:-1, max-image-preview:large, max-video-preview:-1\" \/>\n<link rel=\"canonical\" href=\"https:\/\/escenografia.org\/documentacio\/\" \/>\n<meta property=\"og:locale\" content=\"es_ES\" \/>\n<meta property=\"og:type\" content=\"article\" \/>\n<meta property=\"og:title\" content=\"Documentaci\u00f3n - Associaci\u00f3 d\u00b4Escen\u00f2grafs de Catalunya\" \/>\n<meta property=\"og:description\" content=\"Escenograf\u00eda:\u00a0 JOSEP i JORDI CASTELLS I PLANAS\u00a0 \u00a0 \u00a0Fotograf\u00eda:\u00a0\u00a0V\u00edctor Moreno Castells i Planas. Libro sobre la trayectoria de los hermanos Castells y Planas en CardedeuEscrito por Dami\u00e1 Barbany y editado por Arola Editors Historia de las Artes Esc\u00e9nicas (HAEC), el primer volumen dedicado al teatro medieval. La teatralidad medieval y su supervivencia, de Francesc Massip [&hellip;]\" \/>\n<meta property=\"og:url\" content=\"https:\/\/escenografia.org\/documentacio\/\" \/>\n<meta property=\"og:site_name\" content=\"Associaci\u00f3 d\u00b4Escen\u00f2grafs de Catalunya\" \/>\n<meta property=\"article:modified_time\" content=\"2019-07-23T10:26:05+00:00\" \/>\n<meta name=\"twitter:card\" content=\"summary_large_image\" \/>\n<meta name=\"twitter:label1\" content=\"Tiempo de lectura\" \/>\n\t<meta name=\"twitter:data1\" content=\"5 minutos\" \/>\n<script type=\"application\/ld+json\" class=\"yoast-schema-graph\">{\"@context\":\"https:\/\/schema.org\",\"@graph\":[{\"@type\":\"WebPage\",\"@id\":\"https:\/\/escenografia.org\/documentacio\/\",\"url\":\"https:\/\/escenografia.org\/documentacio\/\",\"name\":\"Documentaci\u00f3n - Associaci\u00f3 d\u00b4Escen\u00f2grafs de Catalunya\",\"isPartOf\":{\"@id\":\"https:\/\/escenografia.org\/#website\"},\"datePublished\":\"2018-11-14T15:57:28+00:00\",\"dateModified\":\"2019-07-23T10:26:05+00:00\",\"breadcrumb\":{\"@id\":\"https:\/\/escenografia.org\/documentacio\/#breadcrumb\"},\"inLanguage\":\"es\",\"potentialAction\":[{\"@type\":\"ReadAction\",\"target\":[\"https:\/\/escenografia.org\/documentacio\/\"]}]},{\"@type\":\"BreadcrumbList\",\"@id\":\"https:\/\/escenografia.org\/documentacio\/#breadcrumb\",\"itemListElement\":[{\"@type\":\"ListItem\",\"position\":1,\"name\":\"Portada\",\"item\":\"https:\/\/escenografia.org\/es\/\"},{\"@type\":\"ListItem\",\"position\":2,\"name\":\"Documentaci\u00f3n\"}]},{\"@type\":\"WebSite\",\"@id\":\"https:\/\/escenografia.org\/#website\",\"url\":\"https:\/\/escenografia.org\/\",\"name\":\"Associaci\u00f3 d\u00b4Escen\u00f2grafs de Catalunya\",\"description\":\"\",\"potentialAction\":[{\"@type\":\"SearchAction\",\"target\":{\"@type\":\"EntryPoint\",\"urlTemplate\":\"https:\/\/escenografia.org\/?s={search_term_string}\"},\"query-input\":{\"@type\":\"PropertyValueSpecification\",\"valueRequired\":true,\"valueName\":\"search_term_string\"}}],\"inLanguage\":\"es\"}]}<\/script>\n<!-- \/ Yoast SEO plugin. -->","yoast_head_json":{"title":"Documentaci\u00f3n - Associaci\u00f3 d\u00b4Escen\u00f2grafs de Catalunya","robots":{"index":"index","follow":"follow","max-snippet":"max-snippet:-1","max-image-preview":"max-image-preview:large","max-video-preview":"max-video-preview:-1"},"canonical":"https:\/\/escenografia.org\/documentacio\/","og_locale":"es_ES","og_type":"article","og_title":"Documentaci\u00f3n - Associaci\u00f3 d\u00b4Escen\u00f2grafs de Catalunya","og_description":"Escenograf\u00eda:\u00a0 JOSEP i JORDI CASTELLS I PLANAS\u00a0 \u00a0 \u00a0Fotograf\u00eda:\u00a0\u00a0V\u00edctor Moreno Castells i Planas. Libro sobre la trayectoria de los hermanos Castells y Planas en CardedeuEscrito por Dami\u00e1 Barbany y editado por Arola Editors Historia de las Artes Esc\u00e9nicas (HAEC), el primer volumen dedicado al teatro medieval. La teatralidad medieval y su supervivencia, de Francesc Massip [&hellip;]","og_url":"https:\/\/escenografia.org\/documentacio\/","og_site_name":"Associaci\u00f3 d\u00b4Escen\u00f2grafs de Catalunya","article_modified_time":"2019-07-23T10:26:05+00:00","twitter_card":"summary_large_image","twitter_misc":{"Tiempo de lectura":"5 minutos"},"schema":{"@context":"https:\/\/schema.org","@graph":[{"@type":"WebPage","@id":"https:\/\/escenografia.org\/documentacio\/","url":"https:\/\/escenografia.org\/documentacio\/","name":"Documentaci\u00f3n - Associaci\u00f3 d\u00b4Escen\u00f2grafs de Catalunya","isPartOf":{"@id":"https:\/\/escenografia.org\/#website"},"datePublished":"2018-11-14T15:57:28+00:00","dateModified":"2019-07-23T10:26:05+00:00","breadcrumb":{"@id":"https:\/\/escenografia.org\/documentacio\/#breadcrumb"},"inLanguage":"es","potentialAction":[{"@type":"ReadAction","target":["https:\/\/escenografia.org\/documentacio\/"]}]},{"@type":"BreadcrumbList","@id":"https:\/\/escenografia.org\/documentacio\/#breadcrumb","itemListElement":[{"@type":"ListItem","position":1,"name":"Portada","item":"https:\/\/escenografia.org\/es\/"},{"@type":"ListItem","position":2,"name":"Documentaci\u00f3n"}]},{"@type":"WebSite","@id":"https:\/\/escenografia.org\/#website","url":"https:\/\/escenografia.org\/","name":"Associaci\u00f3 d\u00b4Escen\u00f2grafs de Catalunya","description":"","potentialAction":[{"@type":"SearchAction","target":{"@type":"EntryPoint","urlTemplate":"https:\/\/escenografia.org\/?s={search_term_string}"},"query-input":{"@type":"PropertyValueSpecification","valueRequired":true,"valueName":"search_term_string"}}],"inLanguage":"es"}]}},"_links":{"self":[{"href":"https:\/\/escenografia.org\/es\/wp-json\/wp\/v2\/pages\/894","targetHints":{"allow":["GET"]}}],"collection":[{"href":"https:\/\/escenografia.org\/es\/wp-json\/wp\/v2\/pages"}],"about":[{"href":"https:\/\/escenografia.org\/es\/wp-json\/wp\/v2\/types\/page"}],"author":[{"embeddable":true,"href":"https:\/\/escenografia.org\/es\/wp-json\/wp\/v2\/users\/1"}],"replies":[{"embeddable":true,"href":"https:\/\/escenografia.org\/es\/wp-json\/wp\/v2\/comments?post=894"}],"version-history":[{"count":1,"href":"https:\/\/escenografia.org\/es\/wp-json\/wp\/v2\/pages\/894\/revisions"}],"predecessor-version":[{"id":1351,"href":"https:\/\/escenografia.org\/es\/wp-json\/wp\/v2\/pages\/894\/revisions\/1351"}],"wp:attachment":[{"href":"https:\/\/escenografia.org\/es\/wp-json\/wp\/v2\/media?parent=894"}],"curies":[{"name":"wp","href":"https:\/\/api.w.org\/{rel}","templated":true}]}}